{"id":231,"date":"2025-11-13T12:54:56","date_gmt":"2025-11-13T10:54:56","guid":{"rendered":"https:\/\/zanderland.fi\/francais\/?page_id=231"},"modified":"2025-11-25T11:42:33","modified_gmt":"2025-11-25T09:42:33","slug":"rapides","status":"publish","type":"page","link":"https:\/\/zanderland.fi\/francais\/rapides\/","title":{"rendered":"Rapides"},"content":{"rendered":"\n<p>Vous avez le choix parmi tout un \u00e9ventail de rapides aux diff\u00e9rents coins de la r\u00e9gion. Les sites les plus pris\u00e9s sont les rapides de Kotala, Vilppulankoski, Siuronkoski et Tammerkoski. Les rapides \u00e0 grand courant se trouvent dans le sud de la r\u00e9gion aux points de jonction des grands lacs.<\/p>\n\n\n\n<p>Les tarifs des permis varient entre 5 et 30 euros\/jr ; les vendeurs de permis vous fourniront des renseignements plus pr\u00e9cis sur les tarifs et les dispositions en mati\u00e8re de p\u00eache. Pour la plupart des sites, des permis de plusieurs heures sont \u00e9galement en vente. En g\u00e9n\u00e9ral, un contingent de prises est en vigueur (1-3 salmonid\u00e9s). Sur certains sites, le contingent est libre. Pendant la p\u00e9riode d\u2019interdiction de p\u00eache automnale portant du 1 sept. au 30 nov., la p\u00eache est interdite dans les rapides, \u00e0 part \u00e0 Apianvirta et Tammerkoski en partie. Outre les salmonid\u00e9s, les prises les plus fr\u00e9quentes sur ces sites sont le brochet, la perche et diff\u00e9rents cyprinid\u00e9s.<\/p>\n\n\n\n<h2 class=\"wp-block-heading\">Rapides<\/h2>\n\n\n\r\n<div\r\n\tclass=\"wp-block-sivuseppa-post-list-and-interactivity-filters-demo\"\tdata-wp-interactive=\"postListFilters\"\r\n\tdata-wp-context='{\"uniqueId\":\"1\",\"postsPerPage\":-1,\"postType\":\"fishing_destination\",\"pageQueryVar\":\"filter-page-1\",\"currentPage\":1,\"postTaxonomies\":[\"region\",\"destination_type\",\"species\"],\"selectedTaxonomies\":[],\"loaderDisplay\":\"none\",\"cardOpacity\":1}'\tdata-wp-router-region=\"filterable-post-list-1\"\r\n>\r\n\t<div \r\n\t\tclass=\"filterable-post-list-filters sivu-post-filters wp-block-group is-nowrap is-layout-flex wp-block-group-is-layout-flex\"\r\n\t\tstyle=\"margin-bottom:1.5em;opacity:1;\"\r\n\t\tdata-wp-style--opacity=\"context.cardOpacity\"\r\n\t\t\r\n\t>\r\n\t\t\r\n\t\t\t\t\r\n\t<\/div>\r\n\t<span style=\"display:none;\" class=\"loader\" data-wp-style--display=\"context.loaderDisplay\"><\/span>\r\n\t<div style=\"opacity:1;\"\r\n\tclass=\"filterable-post-list-posts\"\r\n\r\n\tdata-wp-style--opacity=\"context.cardOpacity\"\r\n\t>\r\n\t\t<p>R\u00e9sultats totaux : <i>10<\/i>\n<\/p>\r\n\t\t<div class=\"filterable-post-list-posts__container sivu-post-grid\">\r\n\t\t\t\t\t\t\t\t<a class=\"filterable-post-list-posts__item sivu-post-grid__post sivu-post-grid__post-permalink\" href=\"https:\/\/zanderland.fi\/francais\/zones-de-peche\/paaskylanjoki\/\">\r\n\t\t\t\t\t\t<figure class=\"sivu-post-grid__post-thumbnail post-type-fishing_destination\">\r\n\t\t\t\t\t\t\t<img decoding=\"async\" src=\"https:\/\/zanderland.fi\/francais\/wp-content\/themes\/kuhamaa-sivu-theme\/assets\/media\/placeholder-img.png\" alt=\"P\u00e4\u00e4skyl\u00e4njoki\">\t\t\t\t\t\t<\/figure>\r\n\t\t\t\t\t\t<div class=\"sivu-post-grid__post-content\">\r\n\t\t\t\t\t\t\t<div class=\"sivu-post-carousel__post-terms\">\r\n\t\t\t\t\t\t\t\t<span class=\"sivu-post-type-label\">Destination de p\u00eache<\/span> \t\t\t\t<span class=\"sivu-post-term\">\r\n\t\t\t\t\tRapides\t\t\t\t<\/span>\r\n\t\t\t\t\t\t\t\t<span class=\"sivu-post-term\">\r\n\t\t\t\t\tOmbre\t\t\t\t<\/span>\r\n\t\t\t\t\t\t\t\t\t\t\t<\/div>\r\n\t\t\t\t\t\t\t<h2 class=\"sivu-post-grid__post-title\">\r\n\t\t\t\t\t\t\t\tP\u00e4\u00e4skyl\u00e4njoki\t\t\t\t\t\t\t<\/h2>\r\n\t\t\t\t\t\t\t<div class=\"sivu-post-grid__post-excerpt\">\r\n\t\t\t\t\t\t\t\t<p>Truite, ombre. 2 zones agr\u00e9\u00e9es env. 1 km au total. [&hellip;]<\/p>\n\t\t\t\t\t\t\t<\/div>\r\n\t\t\t\t\t\t<\/div>\r\n\t\t\t\t\t<\/a>\r\n\t\t\t\t\t\t\t\t\t\t<a class=\"filterable-post-list-posts__item sivu-post-grid__post sivu-post-grid__post-permalink\" href=\"https:\/\/zanderland.fi\/francais\/zones-de-peche\/tammerkoski-rapids\/\">\r\n\t\t\t\t\t\t<figure class=\"sivu-post-grid__post-thumbnail post-type-fishing_destination\">\r\n\t\t\t\t\t\t\t<img loading=\"lazy\" decoding=\"async\" width=\"920\" height=\"613\" src=\"https:\/\/zanderland.fi\/wp-content\/uploads\/2025\/11\/Tammerkoski_fishing_sign_Tampere_Kuhamaa_Zanderland_Finland.jpg\" class=\"attachment-medium-large size-medium-large wp-post-image\" alt=\"\" srcset=\"https:\/\/zanderland.fi\/wp-content\/uploads\/2025\/11\/Tammerkoski_fishing_sign_Tampere_Kuhamaa_Zanderland_Finland.jpg 920w, https:\/\/zanderland.fi\/wp-content\/uploads\/2025\/11\/Tammerkoski_fishing_sign_Tampere_Kuhamaa_Zanderland_Finland-300x200.jpg 300w, https:\/\/zanderland.fi\/wp-content\/uploads\/2025\/11\/Tammerkoski_fishing_sign_Tampere_Kuhamaa_Zanderland_Finland-768x512.jpg 768w\" sizes=\"auto, (max-width: 920px) 100vw, 920px\" \/>\t\t\t\t\t\t<\/figure>\r\n\t\t\t\t\t\t<div class=\"sivu-post-grid__post-content\">\r\n\t\t\t\t\t\t\t<div class=\"sivu-post-carousel__post-terms\">\r\n\t\t\t\t\t\t\t\t<span class=\"sivu-post-type-label\">Destination de p\u00eache<\/span> \t\t\t\t<span class=\"sivu-post-term\">\r\n\t\t\t\t\tTampere\t\t\t\t<\/span>\r\n\t\t\t\t\t\t\t\t<span class=\"sivu-post-term\">\r\n\t\t\t\t\tRapides\t\t\t\t<\/span>\r\n\t\t\t\t\t\t\t\t<span class=\"sivu-post-term\">\r\n\t\t\t\t\tLavaret\t\t\t\t<\/span>\r\n\t\t\t\t\t\t\t\t<span class=\"sivu-post-term\">\r\n\t\t\t\t\tSaumon de lac\t\t\t\t<\/span>\r\n\t\t\t\t\t\t\t\t<span class=\"sivu-post-term\">\r\n\t\t\t\t\tTruite arc-en-ciel\t\t\t\t<\/span>\r\n\t\t\t\t\t\t\t\t\t\t\t<\/div>\r\n\t\t\t\t\t\t\t<h2 class=\"sivu-post-grid__post-title\">\r\n\t\t\t\t\t\t\t\tTammerkoski\t\t\t\t\t\t\t<\/h2>\r\n\t\t\t\t\t\t\t<div class=\"sivu-post-grid__post-excerpt\">\r\n\t\t\t\t\t\t\t\t<p>Commune de \u0422\u0430\u043cp\u0435r\u0435 Truite, lavaret, truite arc-en-ciel, ombre, saumon de [&hellip;]<\/p>\n\t\t\t\t\t\t\t<\/div>\r\n\t\t\t\t\t\t<\/div>\r\n\t\t\t\t\t<\/a>\r\n\t\t\t\t\t\t\t\t\t\t<a class=\"filterable-post-list-posts__item sivu-post-grid__post sivu-post-grid__post-permalink\" href=\"https:\/\/zanderland.fi\/francais\/zones-de-peche\/vilppulankoski-rapids\/\">\r\n\t\t\t\t\t\t<figure class=\"sivu-post-grid__post-thumbnail post-type-fishing_destination\">\r\n\t\t\t\t\t\t\t<img loading=\"lazy\" decoding=\"async\" width=\"920\" height=\"613\" src=\"https:\/\/zanderland.fi\/wp-content\/uploads\/2025\/11\/Koskitaimenen_kintereilla_rapids-dwelling_brown_trout_Vilppula_Zanderland_Finland.jpg\" class=\"attachment-medium-large size-medium-large wp-post-image\" alt=\"\" srcset=\"https:\/\/zanderland.fi\/wp-content\/uploads\/2025\/11\/Koskitaimenen_kintereilla_rapids-dwelling_brown_trout_Vilppula_Zanderland_Finland.jpg 920w, https:\/\/zanderland.fi\/wp-content\/uploads\/2025\/11\/Koskitaimenen_kintereilla_rapids-dwelling_brown_trout_Vilppula_Zanderland_Finland-300x200.jpg 300w, https:\/\/zanderland.fi\/wp-content\/uploads\/2025\/11\/Koskitaimenen_kintereilla_rapids-dwelling_brown_trout_Vilppula_Zanderland_Finland-768x512.jpg 768w\" sizes=\"auto, (max-width: 920px) 100vw, 920px\" \/>\t\t\t\t\t\t<\/figure>\r\n\t\t\t\t\t\t<div class=\"sivu-post-grid__post-content\">\r\n\t\t\t\t\t\t\t<div class=\"sivu-post-carousel__post-terms\">\r\n\t\t\t\t\t\t\t\t<span class=\"sivu-post-type-label\">Destination de p\u00eache<\/span> \t\t\t\t<span class=\"sivu-post-term\">\r\n\t\t\t\t\tM\u00e4ntt\u00e4-Vilppula\t\t\t\t<\/span>\r\n\t\t\t\t\t\t\t\t<span class=\"sivu-post-term\">\r\n\t\t\t\t\tRapides\t\t\t\t<\/span>\r\n\t\t\t\t\t\t\t\t<span class=\"sivu-post-term\">\r\n\t\t\t\t\tAspe\t\t\t\t<\/span>\r\n\t\t\t\t\t\t\t\t<span class=\"sivu-post-term\">\r\n\t\t\t\t\tSandre\t\t\t\t<\/span>\r\n\t\t\t\t\t\t\t\t<span class=\"sivu-post-term\">\r\n\t\t\t\t\tTruite arc-en-ciel\t\t\t\t<\/span>\r\n\t\t\t\t\t\t\t\t\t\t\t<\/div>\r\n\t\t\t\t\t\t\t<h2 class=\"sivu-post-grid__post-title\">\r\n\t\t\t\t\t\t\t\tVilppulankoski\t\t\t\t\t\t\t<\/h2>\r\n\t\t\t\t\t\t\t<div class=\"sivu-post-grid__post-excerpt\">\r\n\t\t\t\t\t\t\t\t<p>Commune de Vilppula. Truite, truite arc-en-ciel, ombre, sandre, aspe. P\u00eache [&hellip;]<\/p>\n\t\t\t\t\t\t\t<\/div>\r\n\t\t\t\t\t\t<\/div>\r\n\t\t\t\t\t<\/a>\r\n\t\t\t\t\t\t\t\t\t\t<a class=\"filterable-post-list-posts__item sivu-post-grid__post sivu-post-grid__post-permalink\" href=\"https:\/\/zanderland.fi\/francais\/zones-de-peche\/rapides-kotala\/\">\r\n\t\t\t\t\t\t<figure class=\"sivu-post-grid__post-thumbnail post-type-fishing_destination\">\r\n\t\t\t\t\t\t\t<img loading=\"lazy\" decoding=\"async\" width=\"920\" height=\"613\" src=\"https:\/\/zanderland.fi\/wp-content\/uploads\/2025\/11\/Kosket_Rapids_Kotalan_Kosket_Virrat_Kuhamaa_Zanderland_Finland.jpg\" class=\"attachment-medium-large size-medium-large wp-post-image\" alt=\"\" srcset=\"https:\/\/zanderland.fi\/wp-content\/uploads\/2025\/11\/Kosket_Rapids_Kotalan_Kosket_Virrat_Kuhamaa_Zanderland_Finland.jpg 920w, https:\/\/zanderland.fi\/wp-content\/uploads\/2025\/11\/Kosket_Rapids_Kotalan_Kosket_Virrat_Kuhamaa_Zanderland_Finland-300x200.jpg 300w, https:\/\/zanderland.fi\/wp-content\/uploads\/2025\/11\/Kosket_Rapids_Kotalan_Kosket_Virrat_Kuhamaa_Zanderland_Finland-768x512.jpg 768w\" sizes=\"auto, (max-width: 920px) 100vw, 920px\" \/>\t\t\t\t\t\t<\/figure>\r\n\t\t\t\t\t\t<div class=\"sivu-post-grid__post-content\">\r\n\t\t\t\t\t\t\t<div class=\"sivu-post-carousel__post-terms\">\r\n\t\t\t\t\t\t\t\t<span class=\"sivu-post-type-label\">Destination de p\u00eache<\/span> \t\t\t\t<span class=\"sivu-post-term\">\r\n\t\t\t\t\tVirrat\t\t\t\t<\/span>\r\n\t\t\t\t\t\t\t\t<span class=\"sivu-post-term\">\r\n\t\t\t\t\tRapides\t\t\t\t<\/span>\r\n\t\t\t\t\t\t\t\t<span class=\"sivu-post-term\">\r\n\t\t\t\t\tBrochet\t\t\t\t<\/span>\r\n\t\t\t\t\t\t\t\t<span class=\"sivu-post-term\">\r\n\t\t\t\t\tOmbre\t\t\t\t<\/span>\r\n\t\t\t\t\t\t\t\t\t\t\t<\/div>\r\n\t\t\t\t\t\t\t<h2 class=\"sivu-post-grid__post-title\">\r\n\t\t\t\t\t\t\t\tRapides Kotala\t\t\t\t\t\t\t<\/h2>\r\n\t\t\t\t\t\t\t<div class=\"sivu-post-grid__post-excerpt\">\r\n\t\t\t\t\t\t\t\t<p>Truite, ombre, ide m\u00e9lanote, brochet. 2 zones agr\u00e9\u00e9es, au total [&hellip;]<\/p>\n\t\t\t\t\t\t\t<\/div>\r\n\t\t\t\t\t\t<\/div>\r\n\t\t\t\t\t<\/a>\r\n\t\t\t\t\t\t\t\t\t\t<a class=\"filterable-post-list-posts__item sivu-post-grid__post sivu-post-grid__post-permalink\" href=\"https:\/\/zanderland.fi\/francais\/zones-de-peche\/herraskoski\/\">\r\n\t\t\t\t\t\t<figure class=\"sivu-post-grid__post-thumbnail post-type-fishing_destination\">\r\n\t\t\t\t\t\t\t<img decoding=\"async\" src=\"https:\/\/zanderland.fi\/francais\/wp-content\/themes\/kuhamaa-sivu-theme\/assets\/media\/placeholder-img.png\" alt=\"Herraskoski\">\t\t\t\t\t\t<\/figure>\r\n\t\t\t\t\t\t<div class=\"sivu-post-grid__post-content\">\r\n\t\t\t\t\t\t\t<div class=\"sivu-post-carousel__post-terms\">\r\n\t\t\t\t\t\t\t\t<span class=\"sivu-post-type-label\">Destination de p\u00eache<\/span> \t\t\t\t<span class=\"sivu-post-term\">\r\n\t\t\t\t\tVirrat\t\t\t\t<\/span>\r\n\t\t\t\t\t\t\t\t<span class=\"sivu-post-term\">\r\n\t\t\t\t\tRapides\t\t\t\t<\/span>\r\n\t\t\t\t\t\t\t\t<span class=\"sivu-post-term\">\r\n\t\t\t\t\tTruite de lac\t\t\t\t<\/span>\r\n\t\t\t\t\t\t\t\t\t\t\t<\/div>\r\n\t\t\t\t\t\t\t<h2 class=\"sivu-post-grid__post-title\">\r\n\t\t\t\t\t\t\t\tHerraskoski\t\t\t\t\t\t\t<\/h2>\r\n\t\t\t\t\t\t\t<div class=\"sivu-post-grid__post-excerpt\">\r\n\t\t\t\t\t\t\t\t<p>Truite. Zone agr\u00e9\u00e9e 200 m. Contingent libre 4. Teboil, Virrat, [&hellip;]<\/p>\n\t\t\t\t\t\t\t<\/div>\r\n\t\t\t\t\t\t<\/div>\r\n\t\t\t\t\t<\/a>\r\n\t\t\t\t\t\t\t\t\t\t<a class=\"filterable-post-list-posts__item sivu-post-grid__post sivu-post-grid__post-permalink\" href=\"https:\/\/zanderland.fi\/francais\/zones-de-peche\/kihnion-taimenkosket\/\">\r\n\t\t\t\t\t\t<figure class=\"sivu-post-grid__post-thumbnail post-type-fishing_destination\">\r\n\t\t\t\t\t\t\t<img decoding=\"async\" src=\"https:\/\/zanderland.fi\/francais\/wp-content\/themes\/kuhamaa-sivu-theme\/assets\/media\/placeholder-img.png\" alt=\"Kihni\u00f6n Taimenkosket\">\t\t\t\t\t\t<\/figure>\r\n\t\t\t\t\t\t<div class=\"sivu-post-grid__post-content\">\r\n\t\t\t\t\t\t\t<div class=\"sivu-post-carousel__post-terms\">\r\n\t\t\t\t\t\t\t\t<span class=\"sivu-post-type-label\">Destination de p\u00eache<\/span> \t\t\t\t<span class=\"sivu-post-term\">\r\n\t\t\t\t\tRapides\t\t\t\t<\/span>\r\n\t\t\t\t\t\t\t\t<span class=\"sivu-post-term\">\r\n\t\t\t\t\tOmbre\t\t\t\t<\/span>\r\n\t\t\t\t\t\t\t\t<span class=\"sivu-post-term\">\r\n\t\t\t\t\tTruite arc-en-ciel\t\t\t\t<\/span>\r\n\t\t\t\t\t\t\t\t<span class=\"sivu-post-term\">\r\n\t\t\t\t\tTruite de lac\t\t\t\t<\/span>\r\n\t\t\t\t\t\t\t\t\t\t\t<\/div>\r\n\t\t\t\t\t\t\t<h2 class=\"sivu-post-grid__post-title\">\r\n\t\t\t\t\t\t\t\tKihni\u00f6n Taimenkosket\t\t\t\t\t\t\t<\/h2>\r\n\t\t\t\t\t\t\t<div class=\"sivu-post-grid__post-excerpt\">\r\n\t\t\t\t\t\t\t\t<p>Truite. 8 rapides. P\u00eache autoris\u00e9e uniquement aux endroits indiqu\u00e9s sur [&hellip;]<\/p>\n\t\t\t\t\t\t\t<\/div>\r\n\t\t\t\t\t\t<\/div>\r\n\t\t\t\t\t<\/a>\r\n\t\t\t\t\t\t\t\t\t\t<a class=\"filterable-post-list-posts__item sivu-post-grid__post sivu-post-grid__post-permalink\" href=\"https:\/\/zanderland.fi\/francais\/zones-de-peche\/viinikanjoki\/\">\r\n\t\t\t\t\t\t<figure class=\"sivu-post-grid__post-thumbnail post-type-fishing_destination\">\r\n\t\t\t\t\t\t\t<img decoding=\"async\" src=\"https:\/\/zanderland.fi\/francais\/wp-content\/themes\/kuhamaa-sivu-theme\/assets\/media\/placeholder-img.png\" alt=\"Viinikanjoki\">\t\t\t\t\t\t<\/figure>\r\n\t\t\t\t\t\t<div class=\"sivu-post-grid__post-content\">\r\n\t\t\t\t\t\t\t<div class=\"sivu-post-carousel__post-terms\">\r\n\t\t\t\t\t\t\t\t<span class=\"sivu-post-type-label\">Destination de p\u00eache<\/span> \t\t\t\t<span class=\"sivu-post-term\">\r\n\t\t\t\t\tParkano\t\t\t\t<\/span>\r\n\t\t\t\t\t\t\t\t<span class=\"sivu-post-term\">\r\n\t\t\t\t\tRapides\t\t\t\t<\/span>\r\n\t\t\t\t\t\t\t\t<span class=\"sivu-post-term\">\r\n\t\t\t\t\tTruite arc-en-ciel\t\t\t\t<\/span>\r\n\t\t\t\t\t\t\t\t\t\t\t<\/div>\r\n\t\t\t\t\t\t\t<h2 class=\"sivu-post-grid__post-title\">\r\n\t\t\t\t\t\t\t\tViinikanjoki\t\t\t\t\t\t\t<\/h2>\r\n\t\t\t\t\t\t\t<div class=\"sivu-post-grid__post-excerpt\">\r\n\t\t\t\t\t\t\t\t<p>Truite arc-en-ciel, truite, ombre. Zone agr\u00e9\u00e9e 2,5 km. Kesport Parkano, [&hellip;]<\/p>\n\t\t\t\t\t\t\t<\/div>\r\n\t\t\t\t\t\t<\/div>\r\n\t\t\t\t\t<\/a>\r\n\t\t\t\t\t\t\t\t\t\t<a class=\"filterable-post-list-posts__item sivu-post-grid__post sivu-post-grid__post-permalink\" href=\"https:\/\/zanderland.fi\/francais\/zones-de-peche\/aurejoki-zone-superieure\/\">\r\n\t\t\t\t\t\t<figure class=\"sivu-post-grid__post-thumbnail post-type-fishing_destination\">\r\n\t\t\t\t\t\t\t<img decoding=\"async\" src=\"https:\/\/zanderland.fi\/francais\/wp-content\/themes\/kuhamaa-sivu-theme\/assets\/media\/placeholder-img.png\" alt=\"Aurejoki, Zone sup\u00e9rieure\">\t\t\t\t\t\t<\/figure>\r\n\t\t\t\t\t\t<div class=\"sivu-post-grid__post-content\">\r\n\t\t\t\t\t\t\t<div class=\"sivu-post-carousel__post-terms\">\r\n\t\t\t\t\t\t\t\t<span class=\"sivu-post-type-label\">Destination de p\u00eache<\/span> \t\t\t\t<span class=\"sivu-post-term\">\r\n\t\t\t\t\tIkaalinen\t\t\t\t<\/span>\r\n\t\t\t\t\t\t\t\t<span class=\"sivu-post-term\">\r\n\t\t\t\t\tParkano\t\t\t\t<\/span>\r\n\t\t\t\t\t\t\t\t<span class=\"sivu-post-term\">\r\n\t\t\t\t\tRapides\t\t\t\t<\/span>\r\n\t\t\t\t\t\t\t\t\t\t\t<\/div>\r\n\t\t\t\t\t\t\t<h2 class=\"sivu-post-grid__post-title\">\r\n\t\t\t\t\t\t\t\tAurejoki, Zone sup\u00e9rieure\t\t\t\t\t\t\t<\/h2>\r\n\t\t\t\t\t\t\t<div class=\"sivu-post-grid__post-excerpt\">\r\n\t\t\t\t\t\t\t\t<p>Truite. Au total 4 rapides. ST1 Parkano<\/p>\n\t\t\t\t\t\t\t<\/div>\r\n\t\t\t\t\t\t<\/div>\r\n\t\t\t\t\t<\/a>\r\n\t\t\t\t\t\t\t\t\t\t<a class=\"filterable-post-list-posts__item sivu-post-grid__post sivu-post-grid__post-permalink\" href=\"https:\/\/zanderland.fi\/francais\/zones-de-peche\/aurejoki-zones-inferieures\/\">\r\n\t\t\t\t\t\t<figure class=\"sivu-post-grid__post-thumbnail post-type-fishing_destination\">\r\n\t\t\t\t\t\t\t<img loading=\"lazy\" decoding=\"async\" width=\"920\" height=\"613\" src=\"https:\/\/zanderland.fi\/wp-content\/uploads\/2025\/11\/Aurejoki_Poltinkoski_Ikaalinen_Kuhamaa_Zanderland_Finland.jpg\" class=\"attachment-medium-large size-medium-large wp-post-image\" alt=\"\" srcset=\"https:\/\/zanderland.fi\/wp-content\/uploads\/2025\/11\/Aurejoki_Poltinkoski_Ikaalinen_Kuhamaa_Zanderland_Finland.jpg 920w, https:\/\/zanderland.fi\/wp-content\/uploads\/2025\/11\/Aurejoki_Poltinkoski_Ikaalinen_Kuhamaa_Zanderland_Finland-300x200.jpg 300w, https:\/\/zanderland.fi\/wp-content\/uploads\/2025\/11\/Aurejoki_Poltinkoski_Ikaalinen_Kuhamaa_Zanderland_Finland-768x512.jpg 768w\" sizes=\"auto, (max-width: 920px) 100vw, 920px\" \/>\t\t\t\t\t\t<\/figure>\r\n\t\t\t\t\t\t<div class=\"sivu-post-grid__post-content\">\r\n\t\t\t\t\t\t\t<div class=\"sivu-post-carousel__post-terms\">\r\n\t\t\t\t\t\t\t\t<span class=\"sivu-post-type-label\">Destination de p\u00eache<\/span> \t\t\t\t<span class=\"sivu-post-term\">\r\n\t\t\t\t\tIkaalinen\t\t\t\t<\/span>\r\n\t\t\t\t\t\t\t\t<span class=\"sivu-post-term\">\r\n\t\t\t\t\tRapides\t\t\t\t<\/span>\r\n\t\t\t\t\t\t\t\t\t\t\t<\/div>\r\n\t\t\t\t\t\t\t<h2 class=\"sivu-post-grid__post-title\">\r\n\t\t\t\t\t\t\t\tAurejoki, Zones inf\u00e9rieures\t\t\t\t\t\t\t<\/h2>\r\n\t\t\t\t\t\t\t<div class=\"sivu-post-grid__post-excerpt\">\r\n\t\t\t\t\t\t\t\t<p>Truite arc-en-ciel, truite, ombre. Au total 4 rapides. Ikaalisten Golf [&hellip;]<\/p>\n\t\t\t\t\t\t\t<\/div>\r\n\t\t\t\t\t\t<\/div>\r\n\t\t\t\t\t<\/a>\r\n\t\t\t\t\t\t\t\t\t\t<a class=\"filterable-post-list-posts__item sivu-post-grid__post sivu-post-grid__post-permalink\" href=\"https:\/\/zanderland.fi\/francais\/zones-de-peche\/rapides-de-naarajarvi\/\">\r\n\t\t\t\t\t\t<figure class=\"sivu-post-grid__post-thumbnail post-type-fishing_destination\">\r\n\t\t\t\t\t\t\t<img decoding=\"async\" src=\"https:\/\/zanderland.fi\/francais\/wp-content\/themes\/kuhamaa-sivu-theme\/assets\/media\/placeholder-img.png\" alt=\"Rapides de Naaraj\u00e4rvi\">\t\t\t\t\t\t<\/figure>\r\n\t\t\t\t\t\t<div class=\"sivu-post-grid__post-content\">\r\n\t\t\t\t\t\t\t<div class=\"sivu-post-carousel__post-terms\">\r\n\t\t\t\t\t\t\t\t<span class=\"sivu-post-type-label\">Destination de p\u00eache<\/span> \t\t\t\t<span class=\"sivu-post-term\">\r\n\t\t\t\t\tOrivesi\t\t\t\t<\/span>\r\n\t\t\t\t\t\t\t\t<span class=\"sivu-post-term\">\r\n\t\t\t\t\tRapides\t\t\t\t<\/span>\r\n\t\t\t\t\t\t\t\t<span class=\"sivu-post-term\">\r\n\t\t\t\t\tTruite arc-en-ciel\t\t\t\t<\/span>\r\n\t\t\t\t\t\t\t\t\t\t\t<\/div>\r\n\t\t\t\t\t\t\t<h2 class=\"sivu-post-grid__post-title\">\r\n\t\t\t\t\t\t\t\tRapides de Naaraj\u00e4rvi\t\t\t\t\t\t\t<\/h2>\r\n\t\t\t\t\t\t\t<div class=\"sivu-post-grid__post-excerpt\">\r\n\t\t\t\t\t\t\t\t<p>Truite arc-en-ciel, truite, 2 zones agr\u00e9\u00e9es. Oriveden Py\u00f6r\u00e4, Orivesi. www.kalapassi.fi.<\/p>\n\t\t\t\t\t\t\t<\/div>\r\n\t\t\t\t\t\t<\/div>\r\n\t\t\t\t\t<\/a>\r\n\t\t\t\t\t\t\t<\/div>\r\n\r\n\t\t\t\t<div class=\"filterable-post-list-posts__navigation\">\r\n\t\t\t<div class=\"filterable-post-list-posts__navigation--previous\">\r\n\t\t\t\t\t\t<\/div>\r\n\r\n\t\t\t<div class=\"filterable-post-list-posts__navigation--next\">\r\n\t\t\t\t\t\t<\/div>\r\n\t\t<\/div>\r\n\t\t\t<\/div>\r\n<\/div>\r\n","protected":false},"excerpt":{"rendered":"<p>Vous avez le choix parmi tout un \u00e9ventail de rapides [&hellip;]<\/p>\n","protected":false},"author":1,"featured_media":436,"parent":0,"menu_order":0,"comment_status":"closed","ping_status":"closed","template":"","meta":{"footnotes":""},"class_list":["post-231","page","type-page","status-publish","has-post-thumbnail","hentry"],"_links":{"self":[{"href":"https:\/\/zanderland.fi\/francais\/wp-json\/wp\/v2\/pages\/231","targetHints":{"allow":["GET"]}}],"collection":[{"href":"https:\/\/zanderland.fi\/francais\/wp-json\/wp\/v2\/pages"}],"about":[{"href":"https:\/\/zanderland.fi\/francais\/wp-json\/wp\/v2\/types\/page"}],"author":[{"embeddable":true,"href":"https:\/\/zanderland.fi\/francais\/wp-json\/wp\/v2\/users\/1"}],"replies":[{"embeddable":true,"href":"https:\/\/zanderland.fi\/francais\/wp-json\/wp\/v2\/comments?post=231"}],"version-history":[{"count":3,"href":"https:\/\/zanderland.fi\/francais\/wp-json\/wp\/v2\/pages\/231\/revisions"}],"predecessor-version":[{"id":351,"href":"https:\/\/zanderland.fi\/francais\/wp-json\/wp\/v2\/pages\/231\/revisions\/351"}],"wp:featuredmedia":[{"embeddable":true,"href":"https:\/\/zanderland.fi\/francais\/wp-json\/wp\/v2\/media\/436"}],"wp:attachment":[{"href":"https:\/\/zanderland.fi\/francais\/wp-json\/wp\/v2\/media?parent=231"}],"curies":[{"name":"wp","href":"https:\/\/api.w.org\/{rel}","templated":true}]}}