{"id":291,"date":"2025-11-18T11:09:39","date_gmt":"2025-11-18T09:09:39","guid":{"rendered":"https:\/\/zanderland.fi\/francais\/?page_id=291"},"modified":"2026-03-19T11:32:08","modified_gmt":"2026-03-19T09:32:08","slug":"calendar","status":"publish","type":"page","link":"https:\/\/zanderland.fi\/francais\/calendar\/","title":{"rendered":"Calendrier du p\u00eacheur sur les lacs de la R\u00e9gion de Tampere"},"content":{"rendered":"<div id=\"calendar-nav\" class=\"calendar-nav\"><\/div>\n\n\n<p>Il est possible de p\u00eacher tout au long de l\u2019ann\u00e9e. Le calendrier ci-dessous expose en bref les prises les plus courantes aux diff\u00e9rentes saisons. Outre les poissons pr\u00e9dateurs, vous pouvez aussi p\u00eacher toute l\u2019ann\u00e9e le gardon, la br\u00e8me commune et d\u2019autres cyprinid\u00e9s, en hiver \u00e0 la p\u00eache arctique (au trou), et en \u00e9t\u00e9 lorsque les eaux sont d\u00e9gel\u00e9es, \u00e0 la ligne.<\/p>\n\n\n\n<figure class=\"wp-block-image size-full\"><img loading=\"lazy\" decoding=\"async\" width=\"920\" height=\"613\" src=\"https:\/\/zanderland.fi\/wp-content\/uploads\/2026\/03\/Seasons_paakuva_Kuhamaa_Zanderland_Finland.jpg\" alt=\"\" class=\"wp-image-498\" srcset=\"https:\/\/zanderland.fi\/wp-content\/uploads\/2026\/03\/Seasons_paakuva_Kuhamaa_Zanderland_Finland.jpg 920w, https:\/\/zanderland.fi\/wp-content\/uploads\/2026\/03\/Seasons_paakuva_Kuhamaa_Zanderland_Finland-300x200.jpg 300w, https:\/\/zanderland.fi\/wp-content\/uploads\/2026\/03\/Seasons_paakuva_Kuhamaa_Zanderland_Finland-768x512.jpg 768w\" sizes=\"auto, (max-width: 920px) 100vw, 920px\" \/><\/figure>\n\n\n\n<div class=\"wp-block-group has-global-padding is-layout-constrained wp-block-group-is-layout-constrained\">\n<h2 class=\"wp-block-heading calendar-link\" id=\"spring\">Printemps<\/h2>\n\n\n\n<p>Les temp\u00e9ratures mensuelles moyennes et les valeurs maximales journali\u00e8res datent des ann\u00e9es 1971-2000 et ont \u00e9t\u00e9 collect\u00e9es \u00e0 la station d\u2019observation m\u00e9t\u00e9orologique de Tampere-Pirkkala. Heures de lever et de coucher du soleil le 15 du mois.<\/p>\n\n\n\n<h3 class=\"wp-block-heading calendar-link\" id=\"march\">Mars<\/h3>\n\n\n\n<p>Temp\u00e9rature journali\u00e8re typique: -5\u00b0C \u2013 +5\u00b0C<br>Temp\u00e9rature moyenne: -2,8\u00b0C, max 14,4\u00b0C, min -29,1\u00b0C (1971-2000)<br>Lever du soleil 6h41, coucher du soleil 18h28 (15\/03)<\/p>\n\n\n\n<figure class=\"wp-block-image size-full\"><img loading=\"lazy\" decoding=\"async\" width=\"920\" height=\"613\" src=\"https:\/\/zanderland.fi\/wp-content\/uploads\/2026\/03\/Seasons_spring_March_ice_fishing_Kuhamaa_Zanderland_Tampere_Region_Finland.jpg\" alt=\"\" class=\"wp-image-493\" srcset=\"https:\/\/zanderland.fi\/wp-content\/uploads\/2026\/03\/Seasons_spring_March_ice_fishing_Kuhamaa_Zanderland_Tampere_Region_Finland.jpg 920w, https:\/\/zanderland.fi\/wp-content\/uploads\/2026\/03\/Seasons_spring_March_ice_fishing_Kuhamaa_Zanderland_Tampere_Region_Finland-300x200.jpg 300w, https:\/\/zanderland.fi\/wp-content\/uploads\/2026\/03\/Seasons_spring_March_ice_fishing_Kuhamaa_Zanderland_Tampere_Region_Finland-768x512.jpg 768w\" sizes=\"auto, (max-width: 920px) 100vw, 920px\" \/><\/figure>\n\n\n\n<h4 class=\"wp-block-heading\">Esp\u00e8ces prises typiques, modes de prise et profondeur de prise:<\/h4>\n\n\n\n<p>P\u00eache sur la glace:<br>Perche, gardon blanc (lavaret, brochet, sandre) 5\u201315 m<\/p>\n\n\n\n<p>L\u2019\u00e9cart entre les temp\u00e9ratures journali\u00e8res et nocturnes est le plus \u00e9lev\u00e9. Au lever du jour, il peut faire jusqu\u2019\u00e0 moins 25 degr\u00e9s Celsius et la temp\u00e9rature peut s\u2019\u00e9lever \u00e0 plus de z\u00e9ro degr\u00e9 dans l\u2019apr\u00e8s-midi. D\u00e9but mars, la quantit\u00e9 de neige atteint son maximum, mais elle diminue au fur et \u00e0 mesure que le soleil la fait fondre. La glace est alors \u00e0 son niveau le plus \u00e9pais. Pendant les hivers rudes, il y a pr\u00e8s de 60-80 cm de glace.<br>Le temps printanier est superbe, et il fait bon vivre ! La meilleure p\u00e9riode pour la p\u00eache arctique est l\u00e0 alors que les perches commencent \u00e0 s\u2019activer. Les grosses perches peuvent mordre d\u00e8s le lever du jour, vers six heures du matin.<\/p>\n\n\n\n<h3 class=\"wp-block-heading calendar-link\" id=\"april\">Avril<\/h3>\n\n\n\n<p>Temp\u00e9rature journali\u00e8re typique: 3\u00b0C \u2013 13\u00b0C<br>Temp\u00e9rature moyenne: 3,0\u00b0C, max 24,2\u00b0C, min -14,8\u00b0C (1971-2000)<br>Lever du soleil 6h02, coucher du soleil 20h49 (15\/04)<\/p>\n\n\n\n<h4 class=\"wp-block-heading\">Esp\u00e8ces prises typiques, modes de prise et profondeur de prise:<\/h4>\n\n\n\n<p>P\u00eache sur la glace:<br>Perche, gardon blanc (lavaret, brochet, sandre) 5\u201315 m<\/p>\n\n\n\n<p>Au d\u00e9but d\u2019avril, il peut encore y avoir des nuits fortement gel\u00e9es. Si les glaces sont encore suffisamment \u00e9paisses, le d\u00e9but d\u2019avril est une bonne p\u00e9riode pour la p\u00eache au trou de la perche et du lavaret. Il faut faire tr\u00e8s attention en s\u2019aventurant sur la glace. M\u00eame une \u00e9paisse glace printani\u00e8re peut se briser sous les pieds du marcheur.<br>En se rapprochant de la fin du mois, le printemps avance \u00e0 grands pas. En m\u00eame temps, la glace devient de plus en plus fragile, et la p\u00e9riode de la p\u00eache au trou se termine. La glace fond dans les petits lacs vers le milieu du mois, et en g\u00e9n\u00e9ral au tournant d\u2019avril-mai au plus tard dans les grands lacs.<\/p>\n\n\n\n<h3 class=\"wp-block-heading calendar-link\" id=\"may\">Mai<\/h3>\n\n\n\n<p>Temp\u00e9rature journali\u00e8re typique: 10\u00b0C \u2013 20\u00b0C<br>Temp\u00e9rature moyenne: 9,5\u00b0C, max 28,4\u00b0C (1971-2000)<br>Lever du soleil 4h35, coucher du soleil 22h10 (15\/05)<\/p>\n\n\n\n<h4 class=\"wp-block-heading\">Esp\u00e8ces prises typiques, modes de prise et profondeur de prise:<\/h4>\n\n\n\n<p>P\u00eache au lancer:<\/p>\n\n\n\n<p>Brochet 1\u20135 m<br>Sandre 1\u201310 m (jig)<br>Perche 1\u20135 m<\/p>\n\n\n\n<p>P\u00eache \u00e0 la tra\u00eene:<\/p>\n\n\n\n<p>Brochet 1\u20135 m<br>Truite de lac, saumon de lac 1\u20135 m<\/p>\n\n\n\n<p>La saison des eaux non gel\u00e9es commence. Le brochet a fray\u00e9 au moment de la fonte des glaces et commence \u00e0 emmagasiner de la nourriture. Selon la temp\u00e9rature, la meilleure p\u00e9riode pour p\u00eacher un gros brochet au lancer se situe entre la deuxi\u00e8me et la quatri\u00e8me semaine de mai. La saison de la p\u00eache de la perche et du sandre commence. La temp\u00e9rature de l\u2019eau est de 5-15 degr\u00e9s en mai, et la truite de lac et le saumon de lac sont dans les eaux proches de la surface.<\/p>\n<\/div>\n\n\n\n<div class=\"wp-block-group has-global-padding is-layout-constrained wp-block-group-is-layout-constrained\">\n<h2 class=\"wp-block-heading calendar-link\" id=\"summer\">\u00c9t\u00e9<\/h2>\n\n\n\n<p>Les temp\u00e9ratures mensuelles moyennes et les valeurs maximales journali\u00e8res datent des ann\u00e9es 1971-2000 et ont \u00e9t\u00e9 collect\u00e9es \u00e0 la station d\u2019observation m\u00e9t\u00e9orologique de Tampere-Pirkkala. Heures de lever et de coucher du soleil le 15 du mois.<\/p>\n\n\n\n<h3 class=\"wp-block-heading calendar-link\" id=\"june\">Juin<\/h3>\n\n\n\n<p>Temp\u00e9rature journali\u00e8re typique: 15\u00b0C \u2013 25\u00b0C<br>Temp\u00e9rature moyenne: 14,4\u00b0C, max 31,7\u00b0C, (1971-2000)<br>Lever du soleil 3h42, coucher du soleil 23h09 (15\/06)<\/p>\n\n\n\n<figure class=\"wp-block-image size-full\"><img loading=\"lazy\" decoding=\"async\" width=\"920\" height=\"613\" src=\"https:\/\/zanderland.fi\/wp-content\/uploads\/2026\/03\/Seasons_kesa_June_Lake_Kyrosjarvi_Kuhamaa_Zanderland_Finland.jpg\" alt=\"\" class=\"wp-image-499\" srcset=\"https:\/\/zanderland.fi\/wp-content\/uploads\/2026\/03\/Seasons_kesa_June_Lake_Kyrosjarvi_Kuhamaa_Zanderland_Finland.jpg 920w, https:\/\/zanderland.fi\/wp-content\/uploads\/2026\/03\/Seasons_kesa_June_Lake_Kyrosjarvi_Kuhamaa_Zanderland_Finland-300x200.jpg 300w, https:\/\/zanderland.fi\/wp-content\/uploads\/2026\/03\/Seasons_kesa_June_Lake_Kyrosjarvi_Kuhamaa_Zanderland_Finland-768x512.jpg 768w\" sizes=\"auto, (max-width: 920px) 100vw, 920px\" \/><\/figure>\n\n\n\n<h4 class=\"wp-block-heading\">Esp\u00e8ces prises typiques, modes de prise et profondeur de prise:<\/h4>\n\n\n\n<p>P\u00eache au lancer, jigging, p\u00eache \u00e0 la tra\u00eene:<\/p>\n\n\n\n<p>Brochet, sandre 1\u20138 m<br>Perche 1\u20135 m<\/p>\n\n\n\n<p>P\u00eache \u00e0 la tra\u00eene:<\/p>\n\n\n\n<p>Lavaret 2\u20135 m (Micro-leurre)<br>Truite de lac, saumon de lac 1\u201310 m<\/p>\n\n\n\n<p>P\u00eache \u00e0 la ligne (p\u00eache au coup):<\/p>\n\n\n\n<p>Perche, gardon blanc, br\u00e8me 1\u20135 m<\/p>\n\n\n\n<p>Le sandre fraie dans les grands lacs et la saison de p\u00eache d\u00e9marre v\u00e9ritablement dans les d\u00e9troits, les bas-fonds et leurs bordures. Les nuits claires sont une bonne p\u00e9riode pour la p\u00eache. La p\u00eache au lancer du brochet peut \u00eatre fructueuse dans les eaux peu profondes : les pointes des caps, les rives rocheuses et les bas-fonds.<br>Les perches ont de plus en plus faim. Le lavaret est p\u00each\u00e9 \u00e0 la tra\u00eene avec des leurres allong\u00e9s pr\u00e8s des rivages.<\/p>\n\n\n\n<h3 class=\"wp-block-heading calendar-link\" id=\"july\">Juillet<\/h3>\n\n\n\n<p>Temp\u00e9rature journali\u00e8re typique: 20\u00b0C \u2013 27\u00b0C<br>Temp\u00e9rature moyenne: 16,6\u00b0C, max 32,2\u00b0C, (1971-2000)<br>Lever du soleil 4h14, coucher du soleil 22h46 (15\/07)<\/p>\n\n\n\n<figure class=\"wp-block-image size-full\"><img loading=\"lazy\" decoding=\"async\" width=\"920\" height=\"613\" src=\"https:\/\/zanderland.fi\/wp-content\/uploads\/2026\/03\/Seasons_summer_kesa_August_Lake_Nasijarvi_Kuhamaa_Zanderland_Finland.jpg\" alt=\"\" class=\"wp-image-495\" srcset=\"https:\/\/zanderland.fi\/wp-content\/uploads\/2026\/03\/Seasons_summer_kesa_August_Lake_Nasijarvi_Kuhamaa_Zanderland_Finland.jpg 920w, https:\/\/zanderland.fi\/wp-content\/uploads\/2026\/03\/Seasons_summer_kesa_August_Lake_Nasijarvi_Kuhamaa_Zanderland_Finland-300x200.jpg 300w, https:\/\/zanderland.fi\/wp-content\/uploads\/2026\/03\/Seasons_summer_kesa_August_Lake_Nasijarvi_Kuhamaa_Zanderland_Finland-768x512.jpg 768w\" sizes=\"auto, (max-width: 920px) 100vw, 920px\" \/><\/figure>\n\n\n\n<h4 class=\"wp-block-heading\">Esp\u00e8ces prises typiques, modes de prise et profondeur de prise:<\/h4>\n\n\n\n<p>P\u00eache au lancer, jigging, p\u00eache \u00e0 la tra\u00eene:<\/p>\n\n\n\n<p>Brochet 1\u201315 m<br>Sandre 1\u20138 m<br>Perche 1\u20135 m<\/p>\n\n\n\n<p>P\u00eache \u00e0 la ligne (p\u00eache au coup):<\/p>\n\n\n\n<p>Perche, gardon blanc, br\u00e8me 1\u20135 m<\/p>\n\n\n\n<p>Les eaux de surface se sont r\u00e9chauff\u00e9es \u00e0 une temp\u00e9rature de plus de 20 degr\u00e9s, et les gros brochets commencent \u00e0 descendre plus en profondeur. La p\u00eache au jigging du sandre et la saison de la p\u00eache \u00e0 la tra\u00eene sont \u00e0 leur meilleur. Il est recommand\u00e9 de p\u00eacher le brochet t\u00f4t le matin et tard le soir, le sandre aussi aux alentours de minuit.<br>Les r\u00e9cifs des hautes eaux \u00e0 c\u00f4t\u00e9 des eaux profondes sont des lieux potentiels pour attraper un gros brochet au lancer dans les eaux peu profondes. Aussi, la perche mord le leurre dans les bas-fonds ou au-dessus d\u2019un banc de cor\u00e9gones blanch\u00e2tres ou d\u2019\u00e9perlans dans les eaux profondes. Le poisson mord souvent mieux le matin et le soir.<\/p>\n\n\n\n<h3 class=\"wp-block-heading\" id=\"august\">Ao\u00fbt<\/h3>\n\n\n\n<p>Temp\u00e9rature journali\u00e8re typique: 18\u00b0C \u2013 25\u00b0C<br>Temp\u00e9rature moyenne: 14,6\u00b0C, max 31,1\u00b0C, (1971-2000)<br>Lever du soleil 5h33, coucher du soleil 21h24 (15\/08)<\/p>\n\n\n\n<figure class=\"wp-block-image size-full\"><img loading=\"lazy\" decoding=\"async\" width=\"920\" height=\"613\" src=\"https:\/\/zanderland.fi\/wp-content\/uploads\/2026\/03\/Seasons_kesa_summer_elokuu_August_Lake_Rautavesi_Kuhamaa_Zanderland_Finland.jpg\" alt=\"\" class=\"wp-image-501\" srcset=\"https:\/\/zanderland.fi\/wp-content\/uploads\/2026\/03\/Seasons_kesa_summer_elokuu_August_Lake_Rautavesi_Kuhamaa_Zanderland_Finland.jpg 920w, https:\/\/zanderland.fi\/wp-content\/uploads\/2026\/03\/Seasons_kesa_summer_elokuu_August_Lake_Rautavesi_Kuhamaa_Zanderland_Finland-300x200.jpg 300w, https:\/\/zanderland.fi\/wp-content\/uploads\/2026\/03\/Seasons_kesa_summer_elokuu_August_Lake_Rautavesi_Kuhamaa_Zanderland_Finland-768x512.jpg 768w\" sizes=\"auto, (max-width: 920px) 100vw, 920px\" \/><\/figure>\n\n\n\n<h4 class=\"wp-block-heading\">Esp\u00e8ces prises typiques, modes de prise et profondeur de prise:<\/h4>\n\n\n\n<p>P\u00eache au lancer, jigging, p\u00eache \u00e0 la tra\u00eene:<\/p>\n\n\n\n<p>Brochet 5\u201315 m<br>Sandre 5\u201310 m<br>Perche 2\u201310 m<\/p>\n\n\n\n<p>P\u00eache \u00e0 la ligne (p\u00eache au coup):<\/p>\n\n\n\n<p>Perche, gardon blanc, br\u00e8me 1\u201310 m<\/p>\n\n\n\n<p>\u00c0 la fin du mois, la meilleure p\u00e9riode pour la p\u00eache \u00e0 la tra\u00eene de la sandre se termine alors que les eaux se rafra\u00eechissent, mais le sandre mord toujours bien avec un app\u00e2t mou. C\u2019est le d\u00e9but de la meilleure saison de p\u00eache au lancer pour attraper la perche. Les d\u00e9troits \u00e0 forts courants, et les bordures des r\u00e9cifs et des bas-fonds sont de bons lieux pour les prises de perche. Vous pouvez attraper des petits brochets dans les eaux du rivage, et les gros nagent dans les eaux profondes et interm\u00e9diaires.<\/p>\n<\/div>\n\n\n\n<div class=\"wp-block-group has-global-padding is-layout-constrained wp-block-group-is-layout-constrained\">\n<h2 class=\"wp-block-heading calendar-link\" id=\"autumn\">Autumne<\/h2>\n\n\n\n<p>Les temp\u00e9ratures mensuelles moyennes et les valeurs maximales journali\u00e8res datent des ann\u00e9es 1971-2000 et ont \u00e9t\u00e9 collect\u00e9es \u00e0 la station d\u2019observation m\u00e9t\u00e9orologique de Tampere-Pirkkala. Heures de lever et de coucher du soleil le 15 du mois.<\/p>\n\n\n\n<h3 class=\"wp-block-heading calendar-link\" id=\"september\">Septembre<\/h3>\n\n\n\n<p>Temp\u00e9rature journali\u00e8re typique: 10\u00b0C \u2013 20\u00b0C<br>Temp\u00e9rature moyenne: 9,4\u00b0C, max 24,8\u00b0C, (1971-2000)<br>Lever du soleil 6h52, coucher du soleil 19h46 (15\/09)<\/p>\n\n\n\n<h4 class=\"wp-block-heading\">Esp\u00e8ces prises typiques, modes de prise et profondeur de prise:<\/h4>\n\n\n\n<p>P\u00eache au lancer, jigging, p\u00eache \u00e0 la tra\u00eene:<\/p>\n\n\n\n<p>Brochet 5\u201315 m<br>Sandre 5\u201310 m<br>Perche 2\u201315 m<\/p>\n\n\n\n<p>P\u00eache \u00e0 la ligne (p\u00eache au coup):<\/p>\n\n\n\n<p>Perche, gardon blanc, br\u00e8me<br>1\u201310 m<\/p>\n\n\n\n<p>La p\u00e9riode la p\u00eache au jigging au sandre se poursuit. \u00c0 la fin du mois commence la saison automnale de la p\u00eache \u00e0 la tra\u00eene du gros brochet. Les gros brochets sont essentiellement toujours pr\u00e9sents en r\u00e8gle g\u00e9n\u00e9rale dans les eaux assez profondes. \u00c0 la p\u00eache au lancer, les app\u00e2ts mous sont bien adapt\u00e9s pour la prise de brochet.<br>La saison de p\u00eache au lancer de la perche se poursuit. La chasse des mouettes dans les bancs d\u2019\u00e9perlans \u00e0 proximit\u00e9 des bas-fonds r\u00e9v\u00e8le les lieux s\u00fbrs pour attraper la perche. Dans les rapides, la p\u00e9riode de protection automnale commence le 11\/09.<\/p>\n\n\n\n<h3 class=\"wp-block-heading calendar-link\" id=\"october\">Octobre<\/h3>\n\n\n\n<p>Temp\u00e9rature journali\u00e8re typique: 5\u00b0C \u2013 10\u00b0C<br>Temp\u00e9rature moyenne: 4,7\u00b0C, max 17,5\u00b0C (1971-2000)<br>Lever du soleil 8h09, coucher du soleil 18h11 (15\/10)<\/p>\n\n\n\n<h4 class=\"wp-block-heading\">Esp\u00e8ces prises typiques, modes de prise et profondeur de prise:<\/h4>\n\n\n\n<p>P\u00eache au lancer, jigging, jigging vertical:<\/p>\n\n\n\n<p>Brochet 1\u201315 m<br>Sandre 8\u201315 m<br>Perche 5\u201315 m<\/p>\n\n\n\n<p>P\u00eache \u00e0 la tra\u00eene:<\/p>\n\n\n\n<p>Brochet 1\u201310 m<br>Truite de lac, saumon de lac<br>1\u201310 m<\/p>\n\n\n\n<p>Dans certains lacs, le gros brochet arrive dans les eaux peu profondes \u00e0 proximit\u00e9 des p\u00eacheurs au lancer. Dans de nombreux lacs, les brochets r\u00e9sident toutefois dans les eaux profondes. Le jigging vertical est une bonne fa\u00e7on d\u2019attraper le brochet et le sandre. Les salmonid\u00e9s commencent \u00e0 remonter \u00e0 la surface.<\/p>\n\n\n\n<h3 class=\"wp-block-heading calendar-link\" id=\"november\">Novembre<\/h3>\n\n\n\n<p>Temp\u00e9rature journali\u00e8re typique: -5\u00b0C \u2013 +5\u00b0C<br>Temp\u00e9rature moyenne: -1,0\u00b0C, max 10,4\u00b0C, min -21,7\u00b0C (1971-2000)<br>Lever du soleil 8h34, coucher du soleil 15h45 (15\/11)<\/p>\n\n\n\n<figure class=\"wp-block-image size-full\"><img loading=\"lazy\" decoding=\"async\" width=\"920\" height=\"613\" src=\"https:\/\/zanderland.fi\/wp-content\/uploads\/2026\/03\/SE203E1.jpg\" alt=\"\" class=\"wp-image-496\" srcset=\"https:\/\/zanderland.fi\/wp-content\/uploads\/2026\/03\/SE203E1.jpg 920w, https:\/\/zanderland.fi\/wp-content\/uploads\/2026\/03\/SE203E1-300x200.jpg 300w, https:\/\/zanderland.fi\/wp-content\/uploads\/2026\/03\/SE203E1-768x512.jpg 768w\" sizes=\"auto, (max-width: 920px) 100vw, 920px\" \/><\/figure>\n\n\n\n<h4 class=\"wp-block-heading\">Esp\u00e8ces prises typiques, modes de prise et profondeur de prise:<\/h4>\n\n\n\n<p>P\u00eache au lancer, jigging, jigging vertical:<\/p>\n\n\n\n<p>Brochet 1\u201315 m<br>Sandre 8\u201315 m<br>Perche 5\u201315 m<\/p>\n\n\n\n<p>P\u00eache \u00e0 la tra\u00eene:<\/p>\n\n\n\n<p>Brochet 1\u201310 m<br>Truite de lac, saumon de lac 1\u20135 m<\/p>\n\n\n\n<p>Les eaux sont d\u00e9sormais \u00e0 une temp\u00e9rature de quelques degr\u00e9s seulement, et un jigging vertical lent fonctionne pour faire des prises de brochet et de sandre. Les salmonid\u00e9s mordent les leurres allong\u00e9s, les cuillers et les leurres souples en surface, et outre dans les hautes eaux, on peut en attraper pr\u00e8s des rivages.<br>\u00c0 la fin du mois, les petits lacs commencent g\u00e9n\u00e9ralement \u00e0 geler et on peut enfin creuser les premiers trous dans la glace (30\/11\/2011, les lacs ne sont pas encore gel\u00e9s!). Dans les zones des rapides, la p\u00e9riode de protection automnale se termine le 15\/11. (La p\u00eache commence le 16\/11).<\/p>\n<\/div>\n\n\n\n<div class=\"wp-block-group has-global-padding is-layout-constrained wp-block-group-is-layout-constrained\">\n<h2 class=\"wp-block-heading calendar-link\" id=\"winter\">Hiver<\/h2>\n\n\n\n<p>Les temp\u00e9ratures mensuelles moyennes et les valeurs maximales journali\u00e8res datent des ann\u00e9es 1971-2000 et ont \u00e9t\u00e9 collect\u00e9es \u00e0 la station d\u2019observation m\u00e9t\u00e9orologique de Tampere-Pirkkala. Heures de lever et de coucher du soleil le 15 du mois.<\/p>\n\n\n\n<h3 class=\"wp-block-heading calendar-link\" id=\"december\">D\u00e9cembre<\/h3>\n\n\n\n<p>Temp\u00e9rature journali\u00e8re typique: -10\u00b0C \u2013 +2\u00b0C<br>Temp\u00e9rature moyenne: -4,6\u00b0C, max 7,6\u00b0C, min -33,0\u00b0C (1971-2000)<br>Lever du soleil 9h38, coucher du soleil 15h03 (15\/12)<\/p>\n\n\n\n<h4 class=\"wp-block-heading\">Esp\u00e8ces prises typiques, modes de prise et profondeur de prise:<\/h4>\n\n\n\n<p>P\u00eache sur la glace:<\/p>\n\n\n\n<p>Perche, gardon blanc (brochet, sandre)<br>2\u201315 m<\/p>\n\n\n\n<p>P\u00eache \u00e0 la tra\u00eene:<\/p>\n\n\n\n<p>Truite de lac, saumon de lac<br>1\u20135 m<\/p>\n\n\n\n<p>Si la fin de l\u2019automne est douce, les eaux restent non gel\u00e9es encore un moment sur les granfs lacs, et les p\u00eacheurs au lancer p\u00eachent alors les salmonid\u00e9s en surface. D\u2019ici la fin du mois, les lacs seront normalement gel\u00e9s, mais ceci peut se produire uniquement en janvier.<br>La saison de la p\u00eache au trou pour attraper des perches commence. Il n\u2019y a pas encore beaucoup de neige sur la glace, et le butin de perches peut \u00eatre important. Il est aussi possible d\u2019attraper d\u2019autres esp\u00e8ces \u00e0 la p\u00eache au trou.<\/p>\n\n\n\n<h3 class=\"wp-block-heading calendar-link\" id=\"january\">Janvier<\/h3>\n\n\n\n<p>Temp\u00e9rature journali\u00e8re typique: -15\u00b0C \u2013 0\u00b0C<br>Temp\u00e9rature moyenne: -6,7\u00b0C, max 7,6\u00b0C, min -35,8\u00b0C (1971-2000)<br>Lever du soleil 9h26, coucher du soleil 15h43 (15\/01)<\/p>\n\n\n\n<figure class=\"wp-block-image size-full\"><img loading=\"lazy\" decoding=\"async\" width=\"920\" height=\"613\" src=\"https:\/\/zanderland.fi\/wp-content\/uploads\/2026\/03\/Seasons_spring_March_Ice_fishing_Kuhamaa_Zanderland_Finland.jpg\" alt=\"\" class=\"wp-image-494\" srcset=\"https:\/\/zanderland.fi\/wp-content\/uploads\/2026\/03\/Seasons_spring_March_Ice_fishing_Kuhamaa_Zanderland_Finland.jpg 920w, https:\/\/zanderland.fi\/wp-content\/uploads\/2026\/03\/Seasons_spring_March_Ice_fishing_Kuhamaa_Zanderland_Finland-300x200.jpg 300w, https:\/\/zanderland.fi\/wp-content\/uploads\/2026\/03\/Seasons_spring_March_Ice_fishing_Kuhamaa_Zanderland_Finland-768x512.jpg 768w\" sizes=\"auto, (max-width: 920px) 100vw, 920px\" \/><\/figure>\n\n\n\n<h4 class=\"wp-block-heading\">Esp\u00e8ces prises typiques, modes de prise et profondeur de prise:<\/h4>\n\n\n\n<p>P\u00eache sur la glace:<br>Perche, gardon blanc 2\u20136 m, lotte 1\u20133 m.<\/p>\n\n\n\n<p>Du point de vue de la p\u00eache, certainement la p\u00e9riode la plus calme de l\u2019ann\u00e9e. Temp\u00e9rature gel\u00e9e situ\u00e9e aux alentours de moins vingt degr\u00e9s et plus, et courtes journ\u00e9es de seulement 6-7 heures. Le poisson ne mord g\u00e9n\u00e9ralement pas beaucoup et seulement par moments, et si oui, avant et pr\u00e8s le milieu de la journ\u00e9e.<br>La saison de la p\u00eache arctique de la lotte commence \u00e0 la mi-janvier. La lotte est p\u00each\u00e9e avec des hame\u00e7ons sp\u00e9ciaux munis d\u2019app\u00e2ts \u00e0 1-3 m\u00e8tres de profondeur sur les zones de frayage connues, \u00e0 la p\u00e9riode mi-sombre et obscure.<\/p>\n\n\n\n<h3 class=\"wp-block-heading calendar-link\" id=\"february\">F\u00e9vrier<\/h3>\n\n\n\n<p>Temp\u00e9rature journali\u00e8re typique: -15\u00b0C \u2013 0\u00b0C<br>Temp\u00e9rature moyenne: -7,0\u00b0C, max 9,4\u00b0C, min -31,2\u00b0C (1971-2000)<br>Lever du soleil 8h11, coucher du soleil 17h09 (15\/02)<\/p>\n\n\n\n<h4 class=\"wp-block-heading\">Esp\u00e8ces prises typiques, modes de prise et profondeur de prise:<\/h4>\n\n\n\n<p>P\u00eache sur la glace:<br>Perche, gardon blanc 2\u20136 m, lotte 1\u20133 m.<\/p>\n\n\n\n<p>Les journ\u00e9es se rallongent rapidement, et la journ\u00e9e, le soleil commence d\u00e9j\u00e0 \u00e0 r\u00e9chauffer de mani\u00e8re agr\u00e9able. Il peut y avoir d\u00e9j\u00e0 un demi-m\u00e8tre de neige et celle-ci est g\u00e9n\u00e9ralement recouverte d\u2019une couche de 20-30 cm de neige. Se rendre dans les endroits poissonneux fait faire de l\u2019exercice.<br>C\u2019est le commencement de la meilleure p\u00e9riode pour attraper la perche \u00e0 l\u2019hame\u00e7on plomb\u00e9. Les trous dans la glace, les fissures et les zones d\u00e9neig\u00e9es sont de bons lieux pour faire des prises si les profondeurs y sont bonnes. La p\u00eache \u00e0 l\u2019hame\u00e7on de la lotte se poursuit.<\/p>\n<\/div>\n","protected":false},"excerpt":{"rendered":"<p>Il est possible de p\u00eacher tout au long de l\u2019ann\u00e9e. [&hellip;]<\/p>\n","protected":false},"author":1,"featured_media":528,"parent":0,"menu_order":0,"comment_status":"closed","ping_status":"closed","template":"","meta":{"footnotes":""},"class_list":["post-291","page","type-page","status-publish","has-post-thumbnail","hentry"],"_links":{"self":[{"href":"https:\/\/zanderland.fi\/francais\/wp-json\/wp\/v2\/pages\/291","targetHints":{"allow":["GET"]}}],"collection":[{"href":"https:\/\/zanderland.fi\/francais\/wp-json\/wp\/v2\/pages"}],"about":[{"href":"https:\/\/zanderland.fi\/francais\/wp-json\/wp\/v2\/types\/page"}],"author":[{"embeddable":true,"href":"https:\/\/zanderland.fi\/francais\/wp-json\/wp\/v2\/users\/1"}],"replies":[{"embeddable":true,"href":"https:\/\/zanderland.fi\/francais\/wp-json\/wp\/v2\/comments?post=291"}],"version-history":[{"count":9,"href":"https:\/\/zanderland.fi\/francais\/wp-json\/wp\/v2\/pages\/291\/revisions"}],"predecessor-version":[{"id":503,"href":"https:\/\/zanderland.fi\/francais\/wp-json\/wp\/v2\/pages\/291\/revisions\/503"}],"wp:featuredmedia":[{"embeddable":true,"href":"https:\/\/zanderland.fi\/francais\/wp-json\/wp\/v2\/media\/528"}],"wp:attachment":[{"href":"https:\/\/zanderland.fi\/francais\/wp-json\/wp\/v2\/media?parent=291"}],"curies":[{"name":"wp","href":"https:\/\/api.w.org\/{rel}","templated":true}]}}