{"id":377,"date":"2026-01-05T16:23:43","date_gmt":"2026-01-05T14:23:43","guid":{"rendered":"https:\/\/zanderland.fi\/francais\/?page_id=377"},"modified":"2026-03-19T11:31:45","modified_gmt":"2026-03-19T09:31:45","slug":"systeme-de-permis-de-peche","status":"publish","type":"page","link":"https:\/\/zanderland.fi\/francais\/systeme-de-permis-de-peche\/","title":{"rendered":"Syst\u00e8me de permis de p\u00eache"},"content":{"rendered":"\n<h2 class=\"wp-block-heading\">Syst\u00e8me de permis de p\u00eache en Finlande en trois points<\/h2>\n\n\n\n<ol class=\"wp-block-list\">\n<li>Aucune licence ni permis n\u2019est n\u00e9cessaire pour la p\u00eache \u00e0 la ligne classique en \u00e9t\u00e9 ni en hiver pour la p\u00eache au trou, car ce sont des droits de p\u00eache g\u00e9n\u00e9raux et gratuits c&rsquo;est-\u00e0-dire qu\u2019ils font partie des droits dits de \u00ab tout \u00e0 chacun \u00bb. Toutefois, l\u2019exercice de ce droit n\u2019est pas autoris\u00e9 dans les rapides ni dans les lacs \u00ab alevinez et p\u00eachez \u00bb.<\/li>\n\n\n\n<li>Deux documents sont n\u00e9cessaires pour p\u00eacher avec d\u2019autres m\u00e9thodes qu\u2019une ligne et un hame\u00e7on et pour la p\u00eache aux \u00e9crevisses : les p\u00eacheurs \u00e2g\u00e9s de 18 \u00e0 64 ans devront avoir a) un re\u00e7u du paiement de la taxe piscicole de l\u2019\u00c9tat et b) le permis de p\u00eache proprement dit.<\/li>\n\n\n\n<li>Les mineurs de 18 ans et les personnes de plus de 65 ans sont exon\u00e9r\u00e9s de la redevance. En plus, ils peuvent p\u00eacher sans permis de p\u00eache avec une canne \u00e0 p\u00eache et un leurre, sauf dans les rapides et les lacs \u00ab alevinez et p\u00eachez \u00bb. Pour les autres types de p\u00eache un permis est exig\u00e9.<\/li>\n<\/ol>\n\n\n\n<h2 class=\"wp-block-heading\">Paiement de la taxe piscicole de l\u2019\u00c9tat et du permis<\/h2>\n\n\n\n<p>a) Vous pouvez acquitter la taxe piscicole de l\u2019\u00c9tat (la taxe publique sur la gestion de la p\u00eache) soit pour une ann\u00e9e compl\u00e8te, soit pour une p\u00e9riode de sept jours et soit pour un jour. Vous pouvez payer les licences dans les kiosques R et enfin sur Internet \u00e0 l\u2019adresse suivante : www.eraluvat.fi\/en. On peut la payer \u00e9galement dans les centres nature de Mets\u00e4hallitus (Direction nationale des for\u00eats).<\/p>\n\n\n\n<p>b) Le permis de p\u00eache peut s\u2019obtenir de l\u2019une des deux fa\u00e7ons suivante :<\/p>\n\n\n\n<ol class=\"wp-block-list\">\n<li>L\u2019autorisation du propri\u00e9taire de la zone aquatique * s\u2019applique sur la p\u00eache au leurre dans les grands lacs de la r\u00e9gion de Tampere. Le permis donne droit aussi \u00e0 la p\u00eache \u00e0 la canne \u00e0 lancer et \u00e0 la cuill\u00e8re avec plusieurs cannes et app\u00e2ts.<\/li>\n\n\n\n<li>L\u2019autorisation du propri\u00e9taire de la zone aquatique ou l\u2019arrondissement de p\u00eache * est obligatoire pour la p\u00eache au filet, \u00e0 la nasse et autres types de p\u00eache, dans les rapides et les lacs \u00ab alevinez et p\u00eachez \u00bb. Les arrondissements de p\u00eache d\u00e9livrent g\u00e9n\u00e9ralement aussi les permis bon march\u00e9 pour la p\u00eache \u00e0 lancer et \u00e0 la cuill\u00e8re mais les territoires sont souvent assez limit\u00e9s.<\/li>\n<\/ol>\n\n\n\n<p>* Le passeport de p\u00eache et l\u2019autorisation de p\u00eache des arrondissements de p\u00eache sont d\u00e9livr\u00e9s par quelques magasins de p\u00eache, stations-service, \u00e9piceries de village et sites d\u2019h\u00e9bergement.<\/p>\n","protected":false},"excerpt":{"rendered":"<p>Syst\u00e8me de permis de p\u00eache en Finlande en trois points [&hellip;]<\/p>\n","protected":false},"author":1,"featured_media":428,"parent":0,"menu_order":0,"comment_status":"closed","ping_status":"closed","template":"","meta":{"footnotes":""},"class_list":["post-377","page","type-page","status-publish","has-post-thumbnail","hentry"],"_links":{"self":[{"href":"https:\/\/zanderland.fi\/francais\/wp-json\/wp\/v2\/pages\/377","targetHints":{"allow":["GET"]}}],"collection":[{"href":"https:\/\/zanderland.fi\/francais\/wp-json\/wp\/v2\/pages"}],"about":[{"href":"https:\/\/zanderland.fi\/francais\/wp-json\/wp\/v2\/types\/page"}],"author":[{"embeddable":true,"href":"https:\/\/zanderland.fi\/francais\/wp-json\/wp\/v2\/users\/1"}],"replies":[{"embeddable":true,"href":"https:\/\/zanderland.fi\/francais\/wp-json\/wp\/v2\/comments?post=377"}],"version-history":[{"count":1,"href":"https:\/\/zanderland.fi\/francais\/wp-json\/wp\/v2\/pages\/377\/revisions"}],"predecessor-version":[{"id":378,"href":"https:\/\/zanderland.fi\/francais\/wp-json\/wp\/v2\/pages\/377\/revisions\/378"}],"wp:featuredmedia":[{"embeddable":true,"href":"https:\/\/zanderland.fi\/francais\/wp-json\/wp\/v2\/media\/428"}],"wp:attachment":[{"href":"https:\/\/zanderland.fi\/francais\/wp-json\/wp\/v2\/media?parent=377"}],"curies":[{"name":"wp","href":"https:\/\/api.w.org\/{rel}","templated":true}]}}