{"id":48,"date":"2025-10-24T16:45:39","date_gmt":"2025-10-24T16:45:39","guid":{"rendered":"https:\/\/zanderland.fi\/francais\/?page_id=48"},"modified":"2026-04-20T09:44:56","modified_gmt":"2026-04-20T06:44:56","slug":"home-page","status":"publish","type":"page","link":"https:\/\/zanderland.fi\/francais\/","title":{"rendered":"Home page"},"content":{"rendered":"\n<div class=\"wp-block-cover alignfull has-custom-content-position is-position-bottom-center\" style=\"min-height:500px;aspect-ratio:unset;\"><img loading=\"lazy\" decoding=\"async\" width=\"1024\" height=\"683\" class=\"wp-block-cover__image-background wp-image-512 size-large\" alt=\"\" src=\"https:\/\/zanderland.fi\/wp-content\/uploads\/2026\/03\/Etusivu_Kuhamaa_Zanderland_Tampere_Region_Finland_1920-1024x683.jpg\" data-object-fit=\"cover\" srcset=\"https:\/\/zanderland.fi\/wp-content\/uploads\/2026\/03\/Etusivu_Kuhamaa_Zanderland_Tampere_Region_Finland_1920-1024x683.jpg 1024w, https:\/\/zanderland.fi\/wp-content\/uploads\/2026\/03\/Etusivu_Kuhamaa_Zanderland_Tampere_Region_Finland_1920-300x200.jpg 300w, https:\/\/zanderland.fi\/wp-content\/uploads\/2026\/03\/Etusivu_Kuhamaa_Zanderland_Tampere_Region_Finland_1920-768x512.jpg 768w, https:\/\/zanderland.fi\/wp-content\/uploads\/2026\/03\/Etusivu_Kuhamaa_Zanderland_Tampere_Region_Finland_1920-1536x1024.jpg 1536w, https:\/\/zanderland.fi\/wp-content\/uploads\/2026\/03\/Etusivu_Kuhamaa_Zanderland_Tampere_Region_Finland_1920.jpg 1920w\" sizes=\"auto, (max-width: 1024px) 100vw, 1024px\" \/><span aria-hidden=\"true\" class=\"wp-block-cover__background has-background-dim wp-block-cover__gradient-background has-background-gradient\" style=\"background:linear-gradient(180deg,rgba(0,0,0,0) 50%,rgb(0,0,0) 100%)\"><\/span><div class=\"wp-block-cover__inner-container has-global-padding is-layout-constrained wp-block-cover-is-layout-constrained\">\n<h1 class=\"wp-block-heading has-text-align-left has-white-color has-text-color has-link-color wp-elements-a628ec5e6ced8c2e06ef479a2bee3a34\" style=\"margin-top:0;margin-bottom:0;font-size:50px;line-height:1.3\">Le r\u00eave de tout p\u00eacheur en eau douce devenu r\u00e9alit\u00e9!<\/h1>\n\n\n\n<p class=\"has-white-color has-text-color has-link-color wp-elements-d314381b664f25f41b3b9d76be00da87\" style=\"margin-top:var(--wp--preset--spacing--30);margin-bottom:var(--wp--preset--spacing--60)\">La Finlande est le pays des milliers de lacs. La r\u00e9gion de Tampere, situ\u00e9e \u00e0 l&rsquo;ouest de la r\u00e9gion des lacs finlandais, est un paradis pour les p\u00eacheurs. Bienvenue dans la r\u00e9gion de Tampere!<\/p>\n<\/div><\/div>\n\n\n\n<h2 class=\"wp-block-heading\"><strong>Zones de p\u00eache et services dans la r\u00e9gion de Tampere, en Finlande<\/strong><\/h2>\n\n\n\n<p>La Finlande est le pays le plus riche en \u00e9tendues d\u2019eau au monde. Poss\u00e9dant plus de mille lacs, la Finlande est le lieu id\u00e9al pour la p\u00eache et les amateurs de nature. Les grands lacs vari\u00e9s et poissonneux traversent des paysages de for\u00eats. La nature vierge nous invite \u00e0 partir \u00e0 la d\u00e9couverte du silence.<\/p>\n\n\n\n<div class=\"wp-block-columns are-vertically-aligned-center is-layout-flex wp-container-core-columns-is-layout-6f2f86d7 wp-block-columns-is-layout-flex\" style=\"margin-top:var(--wp--preset--spacing--70);margin-bottom:var(--wp--preset--spacing--70)\">\n<div class=\"wp-block-column is-vertically-aligned-center is-layout-flow wp-block-column-is-layout-flow\">\n<figure class=\"wp-block-image size-full\"><img loading=\"lazy\" decoding=\"async\" width=\"672\" height=\"647\" src=\"https:\/\/zanderland.fi\/wp-content\/uploads\/2026\/04\/kartta-kuvankaappaus.png\" alt=\"\" class=\"wp-image-573\" style=\"aspect-ratio:1;object-fit:cover\" srcset=\"https:\/\/zanderland.fi\/wp-content\/uploads\/2026\/04\/kartta-kuvankaappaus.png 672w, https:\/\/zanderland.fi\/wp-content\/uploads\/2026\/04\/kartta-kuvankaappaus-300x289.png 300w\" sizes=\"auto, (max-width: 672px) 100vw, 672px\" \/><\/figure>\n<\/div>\n\n\n\n<div class=\"wp-block-column is-vertically-aligned-center is-layout-flow wp-block-column-is-layout-flow\">\n<h2 class=\"wp-block-heading\">Lieux de p\u00eache et services sur une carte<\/h2>\n\n\n\n<p>Vous trouverez sur les cartes les zones de p\u00eache \u00e0 la ligne n\u00e9cessitant un permis individuel et les sites de p\u00eache en rapides pour la p\u00eache aux leurres dans les grands lacs, ainsi que les h\u00e9bergements disponibles, que vous pourrez choisir selon vos besoins. Si vous recherchez un service de guide pour une sortie de p\u00eache pour vos clients ou employ\u00e9s, par exemple, nos guides de p\u00eache sont \u00e0 votre disposition. Un guide vous emm\u00e8nera sur les meilleurs sites et vous d\u00e9voilera quelques secrets de la p\u00eache.<\/p>\n\n\n\n<div class=\"wp-block-buttons is-layout-flex wp-block-buttons-is-layout-flex\">\n<div class=\"wp-block-button\"><a class=\"wp-block-button__link wp-element-button\" href=\"\/francais\/carte\/\">Consultez la carte<\/a><\/div>\n<\/div>\n<\/div>\n<\/div>\n\n\n\n<h2 class=\"wp-block-heading\">La nature vous attend aux portes de la ville<\/h2>\n\n\n\n<p>La r\u00e9gion de Tampere est situ\u00e9e dans la partie occidentale de la r\u00e9gion des lacs \u00e0 200 km au nord d\u2019Helsinki. Les grands lacs entourent Tampere, la plus grande ville int\u00e9rieure des pays nordiques. Cette ville vous propose une formule compl\u00e8te de services pour un s\u00e9jour de p\u00eache relaxant dans un cadre paisible. Les bonnes voies de communication permettent d\u2019atteindre ais\u00e9ment les lieux de p\u00eache en voiture. Aussi, il est possible de rejoindre de nombreux sites de p\u00eache en bus. Outre la p\u00eache, la r\u00e9gion propose de nombreuses activit\u00e9s et curiosit\u00e9s. La r\u00e9gion de Tampere constitue une excellente destination pour un s\u00e9jour en famille ou pour une excursion de p\u00eache entre amis.<\/p>\n\n\n\n<h2 class=\"wp-block-heading\">Des lacs \u00e0 sandres et \u00e0 brochets<\/h2>\n\n\n\n<p>G\u00e9n\u00e9ralement, les esp\u00e8ces de poissons les plus attrap\u00e9es dans les lacs sont le brochet, la perche et le sandre. On trouve du brochet dans tous les lacs, et cette r\u00e9gion nomm\u00e9e \u00ab Zanderland \u00bb est la meilleure r\u00e9gion du sandre de Finlande. Les eaux renomm\u00e9es pour attraper le sandre et le brochet sont : Kulo-Rautavesi, Kyr\u00f6sj\u00e4rvi, L\u00e4ngelm\u00e4vesi, Pyh\u00e4j\u00e4rvi et Ruovesi, entre autres. Les prises de sandre, brochet et de perche des p\u00eacheurs de loisir dans les eaux de Tampere s\u2019\u00e9l\u00e8vent \u00e0 plus de 1 million de kg par an.<\/p>\n\n\n\n<p>Les m\u00e9thodes de p\u00eache les plus r\u00e9pandues sont la p\u00eache au lancer, la p\u00eache \u00e0 la tra\u00eene, la p\u00eache \u00e0 la ligne et la p\u00eache \u00e0 la mouche dans les rapides. La p\u00e9riode des eaux non gel\u00e9es porte de d\u00e9but mai \u00e0 d\u00e9but d\u00e9cembre. En hiver, les lacs g\u00e8lent et permettent ainsi une m\u00e9thode de p\u00eache int\u00e9ressante : la p\u00eache blanche qui se fait \u00e0 travers un trou creus\u00e9 dans la glace de surface.<\/p>\n\n\n\n<figure class=\"wp-block-image size-full\"><img loading=\"lazy\" decoding=\"async\" width=\"920\" height=\"613\" src=\"https:\/\/zanderland.fi\/wp-content\/uploads\/2026\/03\/Tampere_Region_happy_traveller_Zanderland_Finland.jpg\" alt=\"\" class=\"wp-image-504\" srcset=\"https:\/\/zanderland.fi\/wp-content\/uploads\/2026\/03\/Tampere_Region_happy_traveller_Zanderland_Finland.jpg 920w, https:\/\/zanderland.fi\/wp-content\/uploads\/2026\/03\/Tampere_Region_happy_traveller_Zanderland_Finland-300x200.jpg 300w, https:\/\/zanderland.fi\/wp-content\/uploads\/2026\/03\/Tampere_Region_happy_traveller_Zanderland_Finland-768x512.jpg 768w\" sizes=\"auto, (max-width: 920px) 100vw, 920px\" \/><\/figure>\n\n\n\n<h2 class=\"wp-block-heading\">Le guide de p\u00eache vous emm\u00e8ne sur les lieux de p\u00eache<\/h2>\n\n\n\n<p>Vous pouvez aller p\u00eacher en compagnie d\u2019un guide de p\u00eache ou de mani\u00e8re autonome. Il est plus facile de d\u00e9couvrir les \u00e9tendues d\u2019eau sous la direction d\u2019un guide de p\u00eache. Le guide dispose de tout le n\u00e9cessaire : des permis et \u00e9quipements, ainsi que des combinaisons flottantes. Le guide vous donne de bons tuyaux sur les techniques de p\u00eache, les \u00e9quipements et les bons endroits pour p\u00eacher.<\/p>\n\n\n\n<p>\u00c0 travers les fen\u00eatres des chalets et des autres sites d\u2019h\u00e9bergement agr\u00e9ables situ\u00e9s au bord de l\u2019eau, vous pouvez admirer le clapotis de l\u2019eau et planifier vos prochaines excursions de p\u00eache. La barque \u00e0 rames fait partie de l\u2019\u00e9quipement de base des chalets, certains sites d\u2019h\u00e9bergement louent \u00e9galement des bateaux \u00e0 moteur, des cartes et plans, des \u00e9quipements flottants, des sites de fumage du poisson ainsi que du mat\u00e9riel et des services \u00e0 l\u2019attention des p\u00eacheurs.<\/p>\n\n\n\n<h2 class=\"wp-block-heading\">Autres choses \u00e0 voir et \u00e0 exp\u00e9rimenter<\/h2>\n\n\n\n<p>Au cours de votre s\u00e9jour dans la r\u00e9gion de Tampere vous allez d\u00e9couvrir non seulement d\u2019excellentes eaux pour la p\u00eache mais aussi beaucoup d\u2019autres activit\u00e9s. Tampere, avec ses 200 000 habitants, est la troisi\u00e8me ville en Finlande. Vous y trouverez un centre culturel et \u00e9conomique moderne comprenant des commerces, des restaurants, des mus\u00e9es, un parc d\u2019attractions, des th\u00e9\u00e2tres et diverses \u00e9v\u00e9nements.<br>De plus, c\u2019est tout au long des sentiers de randonn\u00e9es p\u00e9destres \u00e0 travers for\u00eats, parcs nationaux et campagnes que vous rencontrerez calme et s\u00e9r\u00e9nit\u00e9, dans une nature extraordinaire.<\/p>\n\n\n\n<p><strong>Bienvenue \u00e0 la peche dans la r\u00e9gion de Tampere !<\/strong><\/p>\n","protected":false},"excerpt":{"rendered":"<p>Zones de p\u00eache et services dans la r\u00e9gion de Tampere, [&hellip;]<\/p>\n","protected":false},"author":1,"featured_media":0,"parent":0,"menu_order":0,"comment_status":"closed","ping_status":"closed","template":"","meta":{"footnotes":""},"class_list":["post-48","page","type-page","status-publish","hentry"],"_links":{"self":[{"href":"https:\/\/zanderland.fi\/francais\/wp-json\/wp\/v2\/pages\/48","targetHints":{"allow":["GET"]}}],"collection":[{"href":"https:\/\/zanderland.fi\/francais\/wp-json\/wp\/v2\/pages"}],"about":[{"href":"https:\/\/zanderland.fi\/francais\/wp-json\/wp\/v2\/types\/page"}],"author":[{"embeddable":true,"href":"https:\/\/zanderland.fi\/francais\/wp-json\/wp\/v2\/users\/1"}],"replies":[{"embeddable":true,"href":"https:\/\/zanderland.fi\/francais\/wp-json\/wp\/v2\/comments?post=48"}],"version-history":[{"count":17,"href":"https:\/\/zanderland.fi\/francais\/wp-json\/wp\/v2\/pages\/48\/revisions"}],"predecessor-version":[{"id":574,"href":"https:\/\/zanderland.fi\/francais\/wp-json\/wp\/v2\/pages\/48\/revisions\/574"}],"wp:attachment":[{"href":"https:\/\/zanderland.fi\/francais\/wp-json\/wp\/v2\/media?parent=48"}],"curies":[{"name":"wp","href":"https:\/\/api.w.org\/{rel}","templated":true}]}}