{"id":291,"date":"2025-11-18T11:09:39","date_gmt":"2025-11-18T09:09:39","guid":{"rendered":"https:\/\/zanderland.fi\/italiano\/?page_id=291"},"modified":"2026-03-19T11:37:31","modified_gmt":"2026-03-19T09:37:31","slug":"calendario","status":"publish","type":"page","link":"https:\/\/zanderland.fi\/italiano\/calendario\/","title":{"rendered":"Il calendario del pescatore sui laghi della regione di Tampere"},"content":{"rendered":"<div id=\"calendar-nav\" class=\"calendar-nav\"><\/div>\n\n\n<p>Si pu\u00f2 pescare tutto l\u2019anno. Nel calendario qui di seguito riportato si ripercorrono brevemente le opportunit\u00e0 di pesca delle pi\u00f9 comuni specie nei diversi periodi dell\u2019anno. Oltre ai pesci predatori, \u00e8 possibile anche la pesca del rutilo, dell\u2019abramide comune e di altri ciprinidi durante tutto l\u2019anno, con la tecnica di pesca sul ghiaccio in inverno e con la lenza nel periodo delle acque libere dai ghiacci.<\/p>\n\n\n\n<figure class=\"wp-block-image size-full\"><img loading=\"lazy\" decoding=\"async\" width=\"920\" height=\"613\" src=\"https:\/\/zanderland.fi\/wp-content\/uploads\/2026\/03\/Seasons_paakuva_Kuhamaa_Zanderland_Finland.jpg\" alt=\"\" class=\"wp-image-496\" srcset=\"https:\/\/zanderland.fi\/wp-content\/uploads\/2026\/03\/Seasons_paakuva_Kuhamaa_Zanderland_Finland.jpg 920w, https:\/\/zanderland.fi\/wp-content\/uploads\/2026\/03\/Seasons_paakuva_Kuhamaa_Zanderland_Finland-300x200.jpg 300w, https:\/\/zanderland.fi\/wp-content\/uploads\/2026\/03\/Seasons_paakuva_Kuhamaa_Zanderland_Finland-768x512.jpg 768w\" sizes=\"auto, (max-width: 920px) 100vw, 920px\" \/><\/figure>\n\n\n\n<div class=\"wp-block-group has-global-padding is-layout-constrained wp-block-group-is-layout-constrained\">\n<h2 class=\"wp-block-heading calendar-link\" id=\"spring\">Primavera<\/h2>\n\n\n\n<p>Le temperature medie del mese e le temperature diurne estreme si basano sulle statistiche provenienti dagli anni 1971-2000, raccolte dalla stazione d\u2019osservazione meteorologica dell\u2019aeroporto di Tampere-Pirkkala. I momenti riferiti al sorgere del sole e al tramonto sono dati registrati il 15 di ogni mese.<\/p>\n\n\n\n<h3 class=\"wp-block-heading calendar-link\" id=\"march\">Marzo<\/h3>\n\n\n\n<p>Temperatura giornaliera tipica: -5\u00b0C \u2013 +5\u00b0C<br>Temperatura media: -2,8\u00b0C, max 14,4\u00b0C, min -29,1\u00b0C (1971-2000)<br>Sorgere del sole 6:41, tramonto del sole 18:28 (15.03.)<\/p>\n\n\n\n<figure class=\"wp-block-image size-full\"><img loading=\"lazy\" decoding=\"async\" width=\"920\" height=\"613\" src=\"https:\/\/zanderland.fi\/wp-content\/uploads\/2026\/03\/Seasons_spring_March_ice_fishing_Kuhamaa_Zanderland_Tampere_Region_Finland.jpg\" alt=\"\" class=\"wp-image-491\" srcset=\"https:\/\/zanderland.fi\/wp-content\/uploads\/2026\/03\/Seasons_spring_March_ice_fishing_Kuhamaa_Zanderland_Tampere_Region_Finland.jpg 920w, https:\/\/zanderland.fi\/wp-content\/uploads\/2026\/03\/Seasons_spring_March_ice_fishing_Kuhamaa_Zanderland_Tampere_Region_Finland-300x200.jpg 300w, https:\/\/zanderland.fi\/wp-content\/uploads\/2026\/03\/Seasons_spring_March_ice_fishing_Kuhamaa_Zanderland_Tampere_Region_Finland-768x512.jpg 768w\" sizes=\"auto, (max-width: 920px) 100vw, 920px\" \/><\/figure>\n\n\n\n<h4 class=\"wp-block-heading\">I pescati delle specie tipiche, le forme di pesca e la profondit\u00e0 di cattura (laghi):<\/h4>\n\n\n\n<p>Pesca nel ghiaccio:<br>Persico, rutilo (lavarello, luccio, lucioperca) 5-15 m<\/p>\n\n\n\n<p>Le escursioni termiche sono al massimo. Al sorgere del sole si possono registrare temperature fino a -25\u00b0C, mentre nel pomeriggio la temperatura sale a qualche grado sopra lo zero. All\u2019inizio di marzo, la quantit\u00e0 di neve \u00e8 al massimo, ma, scaldata dal sole, si scioglie dai ghiacci che sono pi\u00f9 resistenti che mai.<br>Durante gli inverni rigidi, lo spessore del ghiaccio \u00e8 di 60-80 cm. Le condizioni climatiche sono fantastiche in primavera e la vita sorride. E\u2019 in corso la stagione migliore per la pesca sul ghiaccio e il pesce persico \u00e8 pi\u00f9 attivo. L\u2019abbocco di un persico grande pu\u00f2 avvenire gi\u00e0 al sorgere del sole, dalle sei del mattino.<\/p>\n\n\n\n<h3 class=\"wp-block-heading calendar-link\" id=\"april\">Aprile<\/h3>\n\n\n\n<p>Temperatura giornaliera tipica: 3\u00b0C \u2013 13\u00b0C<br>Temperatura media: 3,0\u00b0C, max 24,2\u00b0C, min -14,8\u00b0C (1971-2000)<br>Sorgere del sole 6:02, tramonto del sole 20:49 (15.04.)<\/p>\n\n\n\n<h4 class=\"wp-block-heading\">I pescati delle specie tipiche, le forme di pesca e la profondit\u00e0 di cattura (laghi):<\/h4>\n\n\n\n<p>Pesca nel ghiaccio:<br>Persico, rutilo (lavarello, luccio, lucioperca) 5-15 m<\/p>\n\n\n\n<p>Verso l\u2019inizio di aprile le notti possono ancora essere gelide. Se i ghiacci sono ancora abbastanza resistenti, la prima met\u00e0 di questo mese \u00e8 un buon periodo per la pesca sul ghiaccio del persico e del lavarello. Conviene comunque osservare la massima prudenza mentre si procede sui ghiacci. E\u2019 possibile che anche uno strato fitto ceda sotto chi passeggia.<br>La primavera procede a passo veloce verso la fine del mese. Contemporanemente, i ghiacci si fanno presto pi\u00f9 fragili e finisce la stagione della pesca sul ghiaccio. I ghiacci dei laghi piccoli si sciolgono dopo la met\u00e0 del mese e solitamente anche quelli dei laghi grandi a cavallo dei mesi di aprile-maggio al pi\u00f9 tardi.<\/p>\n\n\n\n<h3 class=\"wp-block-heading calendar-link\" id=\"may\">Maggio<\/h3>\n\n\n\n<p>Temperatura giornaliera tipica: 10\u00b0C \u2013 20\u00b0C<br>Temperatura media: 9,5\u00b0C, max 28,4\u00b0C (1971-2000)<br>Sorgere del sole 4:35, tramonto del sole 22:10 (15.05.)<\/p>\n\n\n\n<h4 class=\"wp-block-heading\">I pescati delle specie tipiche, le forme di pesca e la profondit\u00e0 di cattura (laghi):<\/h4>\n\n\n\n<p>Pesca a lance:<\/p>\n\n\n\n<p>Luccio 1-5 m<br>Lucioperca 1-10 m (jig)<br>Persico 1-5 m<\/p>\n\n\n\n<p>Pesca a la cacea:<\/p>\n\n\n\n<p>Luccio 1-5 m<br>Trota di lago, salmone di lago 1-5 m<br>(acque superficiali)<\/p>\n\n\n\n<p>Inizia la stagione della pesca nelle acque libere dai ghiacci. Il luccio ha posato le uova allo sciogliere dei ghiacci e comincia a fare il pieno di nutrimento. Il miglior periodo della pesca a spinning al luccio si colloca tra la seconda e la quarta settimana di maggio. Gradualmente inizia il periodo di pesca al pesce persico e al lucioperca. La temperatura delle acque \u00e8 di 5-15 gradi in maggio e la trota del lago e il salmone del lago si trovano vicino alla superficie dell\u2019acqua.<\/p>\n<\/div>\n\n\n\n<div class=\"wp-block-group has-global-padding is-layout-constrained wp-block-group-is-layout-constrained\">\n<h2 class=\"wp-block-heading calendar-link\" id=\"summer\">Estate<\/h2>\n\n\n\n<p>Le temperature medie del mese e le temperature diurne estreme si basano sulle statistiche provenienti dagli anni 1971-2000, raccolte dalla stazione d\u2019osservazione meteorologica dell\u2019aeroporto di Tampere-Pirkkala. I momenti riferiti al sorgere del sole e al tramonto sono dati registrati il 15 di ogni mese.<\/p>\n\n\n\n<h3 class=\"wp-block-heading calendar-link\" id=\"june\">Giugno<\/h3>\n\n\n\n<p>Temperatura giornaliera tipica: 15\u00b0C \u2013 25\u00b0C<br>Temperatura media: 14,4\u00b0C, max 31,7\u00b0C, (1971-2000)<br>Sorgere del sole 3:42, tramonto del sole 23:09 (15.06.)<\/p>\n\n\n\n<figure class=\"wp-block-image size-full\"><img loading=\"lazy\" decoding=\"async\" width=\"920\" height=\"613\" src=\"https:\/\/zanderland.fi\/wp-content\/uploads\/2026\/03\/Seasons_kesa_June_Lake_Kyrosjarvi_Kuhamaa_Zanderland_Finland.jpg\" alt=\"\" class=\"wp-image-497\" srcset=\"https:\/\/zanderland.fi\/wp-content\/uploads\/2026\/03\/Seasons_kesa_June_Lake_Kyrosjarvi_Kuhamaa_Zanderland_Finland.jpg 920w, https:\/\/zanderland.fi\/wp-content\/uploads\/2026\/03\/Seasons_kesa_June_Lake_Kyrosjarvi_Kuhamaa_Zanderland_Finland-300x200.jpg 300w, https:\/\/zanderland.fi\/wp-content\/uploads\/2026\/03\/Seasons_kesa_June_Lake_Kyrosjarvi_Kuhamaa_Zanderland_Finland-768x512.jpg 768w\" sizes=\"auto, (max-width: 920px) 100vw, 920px\" \/><\/figure>\n\n\n\n<h4 class=\"wp-block-heading\">I pescati delle specie tipiche, le forme di pesca e la profondit\u00e0 di cattura (laghi):<\/h4>\n\n\n\n<p>Spinning, jigging, traina:<\/p>\n\n\n\n<p>Luccio, lucioperca 1-8 m<br>Persico 1-5 m<\/p>\n\n\n\n<p>Traina:<\/p>\n\n\n\n<p>Lavarello 2-5 m (Microplug)<br>Trota di lago, salmone di lago 1-10 m<\/p>\n\n\n\n<p>Pesca con la lenza:<br>Persico, rutilo, abramide 1-5 m<\/p>\n\n\n\n<p>Il lucioperca posa le uova nei grandi laghi e il periodo della pesca inizia attivamente nelle vicinanze degli stretti e ai bordi dei bassi fondali al centro del lago. Le notti chiare costituiscono un buon momento per la pesca.<br>Lo spinning del luccio pu\u00f2 tuttora dare buone pescate anche dalle acque basse: dalle estremit\u00e0 delle penisole, dalle rive rocciose e dai bassi fondali. La battuta del persico si fa sempre pi\u00f9 attiva. Per la cattura del lavarello si usa la tecnica della pesca alla traina con i microplug, vicino alle rive.<\/p>\n\n\n\n<h3 class=\"wp-block-heading calendar-link\" id=\"july\">Luglio<\/h3>\n\n\n\n<p>Temperatura giornaliera tipica: 20\u00b0C \u2013 27\u00b0C<br>Temperatura media: 16,6\u00b0C, max 32,2\u00b0C, (1971-2000)<br>Sorgere del sole 4:14, tramonto del sole 22:46 (15.07.)<\/p>\n\n\n\n<figure class=\"wp-block-image size-full\"><img loading=\"lazy\" decoding=\"async\" width=\"920\" height=\"613\" src=\"https:\/\/zanderland.fi\/wp-content\/uploads\/2026\/03\/Seasons_summer_kesa_August_Lake_Nasijarvi_Kuhamaa_Zanderland_Finland.jpg\" alt=\"\" class=\"wp-image-493\" srcset=\"https:\/\/zanderland.fi\/wp-content\/uploads\/2026\/03\/Seasons_summer_kesa_August_Lake_Nasijarvi_Kuhamaa_Zanderland_Finland.jpg 920w, https:\/\/zanderland.fi\/wp-content\/uploads\/2026\/03\/Seasons_summer_kesa_August_Lake_Nasijarvi_Kuhamaa_Zanderland_Finland-300x200.jpg 300w, https:\/\/zanderland.fi\/wp-content\/uploads\/2026\/03\/Seasons_summer_kesa_August_Lake_Nasijarvi_Kuhamaa_Zanderland_Finland-768x512.jpg 768w\" sizes=\"auto, (max-width: 920px) 100vw, 920px\" \/><\/figure>\n\n\n\n<h4 class=\"wp-block-heading\">I pescati delle specie tipiche, le forme di pesca e la profondit\u00e0 di cattura (laghi):<\/h4>\n\n\n\n<p>Spinning, jigging, traina:<\/p>\n\n\n\n<p>Luccio 1-15 m<br>Lucioperca 1-8 m<br>Persico 1-5 m<\/p>\n\n\n\n<p>Pesca con la lenza:<\/p>\n\n\n\n<p>Persico, rutilo, abramide 1-5 m<\/p>\n\n\n\n<p>Le acque superficiali si sono ora scaldate a oltre 20 gradi e i grandi lucci cominciano a spostarsi sempre pi\u00f9 in basso. E\u2019 il momento migliore per il jigging e la pesca alla traina al lucioperca. Conviene tentare la cattura del luccio al mattino presto e alla sera tardi \u2013 la cattura del lucioperca anche a mezzanotte.<br>Le scogliere vicine alle acque profonde sono luoghi potenzialmente ideali per la cattura del luccio grande che conviene tentare lanciando dai bassi fondali. Anche il persico abbocca la lenza dai bassi fondali o dagli strati superficiali delle acque profonde, tra i banchi del coregone bianco o dello sperlano. La miglior battuta avviene spesso al mattino o alla sera.<\/p>\n\n\n\n<h3 class=\"wp-block-heading\" id=\"august\">Agosto<\/h3>\n\n\n\n<p>Temperatura giornaliera tipica: 18\u00b0C \u2013 25\u00b0C<br>Temperatura media: 14,6\u00b0C, max 31,1\u00b0C, (1971-2000)<br>Sorgere del sole 5:33, tramonto del sole 21:24 (15.08.)<\/p>\n\n\n\n<figure class=\"wp-block-image size-full\"><img loading=\"lazy\" decoding=\"async\" width=\"920\" height=\"613\" src=\"https:\/\/zanderland.fi\/wp-content\/uploads\/2026\/03\/Seasons_kesa_summer_elokuu_August_Lake_Rautavesi_Kuhamaa_Zanderland_Finland.jpg\" alt=\"\" class=\"wp-image-499\" srcset=\"https:\/\/zanderland.fi\/wp-content\/uploads\/2026\/03\/Seasons_kesa_summer_elokuu_August_Lake_Rautavesi_Kuhamaa_Zanderland_Finland.jpg 920w, https:\/\/zanderland.fi\/wp-content\/uploads\/2026\/03\/Seasons_kesa_summer_elokuu_August_Lake_Rautavesi_Kuhamaa_Zanderland_Finland-300x200.jpg 300w, https:\/\/zanderland.fi\/wp-content\/uploads\/2026\/03\/Seasons_kesa_summer_elokuu_August_Lake_Rautavesi_Kuhamaa_Zanderland_Finland-768x512.jpg 768w\" sizes=\"auto, (max-width: 920px) 100vw, 920px\" \/><\/figure>\n\n\n\n<h4 class=\"wp-block-heading\">I pescati delle specie tipiche, le forme di pesca e la profondit\u00e0 di cattura (laghi):<\/h4>\n\n\n\n<p>Spinning, jigging, traina:<\/p>\n\n\n\n<p>Luccio 5-15 m<br>Lucioperca 5-10 m<br>Persico 2-10 m<\/p>\n\n\n\n<p>Pesca con la lenza:<\/p>\n\n\n\n<p>Persico, rutilo, abramide 1-10 m<\/p>\n\n\n\n<p>Verso la fine del mese si raffreddano le acque superficiali e volge al termine la miglior stagione per la pesca alla traina al lucioperca. Tuttavia con il jig si pesca ancora bene al lucioperca. Inizia il miglior periodo per lo spinning al persico grosso. Gli stretti in cui sono presenti correnti, i bordi delle scogliere e dei bassi fondali sono buoni spot per i persici. I lucci di pezzature piccole si possono catturare nelle acque vicine alle rive e quelli pi\u00f9 grandi nelle acque profonde e negli strati intermedi di acqua.<\/p>\n<\/div>\n\n\n\n<div class=\"wp-block-group has-global-padding is-layout-constrained wp-block-group-is-layout-constrained\">\n<h2 class=\"wp-block-heading calendar-link\" id=\"autumn\">Autunno<\/h2>\n\n\n\n<p>Le temperature medie del mese e le temperature diurne estreme si basano sulle statistiche provenienti dagli anni 1971-2000, raccolte dalla stazione d\u2019osservazione meteorologica dell\u2019aeroporto di Tampere-Pirkkala. I momenti riferiti al sorgere del sole e al tramonto sono dati registrati il 15 di ogni mese.<\/p>\n\n\n\n<h3 class=\"wp-block-heading calendar-link\" id=\"september\">Settembre<\/h3>\n\n\n\n<p>Temperatura giornaliera tipica: 10\u00b0C \u2013 20\u00b0C<br>Temperatura media: 9,4\u00b0C, max 24,8\u00b0C, (1971-2000)<br>Sorgere del sole 6:52, tramonto del sole 19:46 (15.09.)<\/p>\n\n\n\n<h4 class=\"wp-block-heading\">I pescati delle specie tipiche, le forme di pesca e la profondit\u00e0 di cattura (laghi):<\/h4>\n\n\n\n<p>Spinning, jigging, traina:<\/p>\n\n\n\n<p>Luccio 5-15 m<br>Lucioperca 5-10 m<br>Persico 2-15 m<\/p>\n\n\n\n<p>Pesca con la lenza:<\/p>\n\n\n\n<p>Persico, rutilo, abramide<br>1-10 m<\/p>\n\n\n\n<p>Continua la pesca al jig del lucioperca. Verso la fine del mese inizia la stagione autunnale con la tecnica della pesca alla traina. I grossi lucci nuotano principalmente ancora nelle acque piuttosto profonde. Per lo spinning, i jig sono molto efficaci per il luccio.<br>Continua la stagione dello spinning al persico. L\u2019inseguimento degli stormi di gabbiani nelle vicinanze dei bassi fondali rivela gli spot sicuri per i pesci persici. Nelle rapide, dall\u201911 settembre, inizia la chiusura autunnale.<\/p>\n\n\n\n<h3 class=\"wp-block-heading calendar-link\" id=\"october\">Ottobre<\/h3>\n\n\n\n<p>Temperatura giornaliera tipica: 5\u00b0C \u2013 10\u00b0C<br>Temperatura media: 4,7\u00b0C, max 17,5\u00b0C (1971-2000)<br>Sorgere del sole 8:09, tramonto del sole 18:11 (15.10.)<\/p>\n\n\n\n<h4 class=\"wp-block-heading\">I pescati delle specie tipiche, le forme di pesca e la profondit\u00e0 di cattura (laghi):<\/h4>\n\n\n\n<p>Spinning, jigging, vertical jigging:<\/p>\n\n\n\n<p>Luccio 1-15 m<br>Lucioperca 8-15 m<br>Persico 5-15 m (anche pesca<br>con la lenza)<\/p>\n\n\n\n<p>Traina:<\/p>\n\n\n\n<p>Luccio 1-10 m<br>Trota di lago, salmone di lago<br>1-10 m (acque superficiali)<\/p>\n\n\n\n<p>In alcuni laghi i grossi lucci raggiungono le acque poco profonde, alla portata di un pescatore a spinning. In tanti altri, per\u00f2, il luccio nuota nelle acque profonde. Il vertical jigging \u00e8 un buon metodo di cattura per il luccio e il lucioperca. I salmonidi cominciano a salire verso gli strati di acqua superficiali.<\/p>\n\n\n\n<h3 class=\"wp-block-heading calendar-link\" id=\"november\">Novembre<\/h3>\n\n\n\n<p>Temperatura giornaliera tipica: -5\u00b0C \u2013 +5\u00b0C<br>Temperatura media: -1,0\u00b0C, max 10,4\u00b0C, min -21,7\u00b0C (1971-2000)<br>Sorgere del sole 8:34, tramonto del sole 15:45 (15.11.)<\/p>\n\n\n\n<figure class=\"wp-block-image size-full\"><img loading=\"lazy\" decoding=\"async\" width=\"920\" height=\"613\" src=\"https:\/\/zanderland.fi\/wp-content\/uploads\/2026\/03\/SE203E1.jpg\" alt=\"\" class=\"wp-image-494\" srcset=\"https:\/\/zanderland.fi\/wp-content\/uploads\/2026\/03\/SE203E1.jpg 920w, https:\/\/zanderland.fi\/wp-content\/uploads\/2026\/03\/SE203E1-300x200.jpg 300w, https:\/\/zanderland.fi\/wp-content\/uploads\/2026\/03\/SE203E1-768x512.jpg 768w\" sizes=\"auto, (max-width: 920px) 100vw, 920px\" \/><\/figure>\n\n\n\n<h4 class=\"wp-block-heading\">I pescati delle specie tipiche, le forme di pesca e la profondit\u00e0 di cattura (laghi):<\/h4>\n\n\n\n<p>Spinning, jigging, vertical jigging:<\/p>\n\n\n\n<p>Luccio 1-15 m<br>Lucioperca 8-15 m<br>Persico 5-15 m (anche pesca<br>con la lenza)<\/p>\n\n\n\n<p>Traina:<\/p>\n\n\n\n<p>Luccio 1-10 m<br>Trota di lago, salmone di lago 1-5 m<br>(acque superficiali)<\/p>\n\n\n\n<p>Le temperature delle acque sono ora calate ad appena alcuni gradi e il vertical jigging eseguito con pazienza \u00e8 efficace per il luccio e il lucioperca. I salmonidi addentano i plug, i cucchiaini e le ancorette dalla superficie e possono essere catturati dalle parti centrali del lago e anche dalle zone vicino alle rive.<br>Alla fine del mese i piccoli laghi cominciano solitamente a ghiacciare e presto si potranno praticare i primi fori nel ghiaccio (al 30 novembre 2011 i laghi non erano ancora gelati!). Il divieto di pesca nelle rapide finisce il 15 novembre (e la pesca inizia il 16 novembre).<\/p>\n<\/div>\n\n\n\n<div class=\"wp-block-group has-global-padding is-layout-constrained wp-block-group-is-layout-constrained\">\n<h2 class=\"wp-block-heading calendar-link\" id=\"winter\">Inverno<\/h2>\n\n\n\n<p>Le temperature medie del mese e le temperature diurne estreme si basano sulle statistiche provenienti dagli anni 1971-2000, raccolte dalla stazione d\u2019osservazione meteorologica dell\u2019aeroporto di Tampere-Pirkkala. I momenti riferiti al sorgere del sole e al tramonto sono dati registrati il 15 di ogni mese.<\/p>\n\n\n\n<h3 class=\"wp-block-heading calendar-link\" id=\"december\">Dicembre<\/h3>\n\n\n\n<p>Temperatura giornaliera tipica: -10\u00b0C \u2013 +2\u00b0C<br>Temperatura media: -4,6\u00b0C, max 7,6\u00b0C, min -33,0\u00b0C (1971-2000)<br>Sorgere del sole 9:38, tramonto del sole 15:03 (15.12.)<\/p>\n\n\n\n<h4 class=\"wp-block-heading\">I pescati delle specie tipiche, le forme di pesca e la profondit\u00e0 di cattura (laghi):<\/h4>\n\n\n\n<p>Pesca nel ghiaccio:<\/p>\n\n\n\n<p>Persico, rutilo (luccio, lucioperca)<br>2-15 m<\/p>\n\n\n\n<p>Traina:<\/p>\n\n\n\n<p>Trota di lago, salmone di lago<br>1-5 m (superficie dell\u2019acqua)<\/p>\n\n\n\n<p>Se l\u2019autunno inoltrato risulta tuttora temperato, la stagione della pesca nelle acque libere dai ghiacci continua ancora per un po\u2019 sui laghi grandi e i pescatori alla traina pescano i salmonidi dalle acque superficiali. Entro la fine del mese i laghi gelano \u2013anche se a volte si arriva fino a gennaio prima che una coltre di ghiaccio si stenda sul lago N\u00e4sij\u00e4rvi.<br>E\u2019 in corso la pesca sul ghiaccio del persico. All\u2019inizio della stagione non c\u2019\u00e8 ancora molta neve sul ghiaccio e i pescati possono essere generosi. Si pu\u00f2 tentare la cattura anche di altre specie di pesci con il jig.<\/p>\n\n\n\n<h3 class=\"wp-block-heading calendar-link\" id=\"january\">Gennaio<\/h3>\n\n\n\n<p>Temperatura giornaliera tipica: -15\u00b0C \u2013 0\u00b0C<br>Temperatura media: -6,7\u00b0C, max 7,6\u00b0C, min -35,8\u00b0C (1971-2000)<br>Sorgere del sole 9:26, tramonto del sole 15:43 (15.01.)<\/p>\n\n\n\n<figure class=\"wp-block-image size-full\"><img loading=\"lazy\" decoding=\"async\" width=\"920\" height=\"613\" src=\"https:\/\/zanderland.fi\/wp-content\/uploads\/2026\/03\/Seasons_spring_March_Ice_fishing_Kuhamaa_Zanderland_Finland.jpg\" alt=\"\" class=\"wp-image-492\" srcset=\"https:\/\/zanderland.fi\/wp-content\/uploads\/2026\/03\/Seasons_spring_March_Ice_fishing_Kuhamaa_Zanderland_Finland.jpg 920w, https:\/\/zanderland.fi\/wp-content\/uploads\/2026\/03\/Seasons_spring_March_Ice_fishing_Kuhamaa_Zanderland_Finland-300x200.jpg 300w, https:\/\/zanderland.fi\/wp-content\/uploads\/2026\/03\/Seasons_spring_March_Ice_fishing_Kuhamaa_Zanderland_Finland-768x512.jpg 768w\" sizes=\"auto, (max-width: 920px) 100vw, 920px\" \/><\/figure>\n\n\n\n<h4 class=\"wp-block-heading\">I pescati delle specie tipiche, le forme di pesca e la profondit\u00e0 di cattura (laghi):<\/h4>\n\n\n\n<p>Pesca nel ghiaccio:<br>Persico, rutilo 2-6 m, bottatrice 1-3 m.<\/p>\n\n\n\n<p>Dal punto di vista della pesca, si tratta del mese forse pi\u00f9 quieto. Il freddo rigido arriva anche oltre i -20\u00b0C e la luce del giorno \u00e8 di poca durata, di sole 6-7 ore. L\u2019abbocco del pesce \u00e8 spesso pigro e sporadico e si concentra sul momento di maggior luce, intorno al mezzogiorno.<br>Verso la met\u00e0 di gennaio inizia la stagione della bottatrice. Il pesce viene catturato con un jig specifico per la bottatrice nelle vicinanze dei fondali di 1-3 metri di profondit\u00e0, noti come luoghi in cui sono state posate le uova, nella penombra e al buio.<\/p>\n\n\n\n<h3 class=\"wp-block-heading calendar-link\" id=\"february\">Febbraio<\/h3>\n\n\n\n<p>Temperatura giornaliera tipica: -15\u00b0C \u2013 0\u00b0C<br>Temperatura media: -7,0\u00b0C, max 9,4\u00b0C, min -31,2\u00b0C (1971-2000)<br>Sorgere del sole 8:11, tramonto del sole 17:09 (15.02.)<\/p>\n\n\n\n<h4 class=\"wp-block-heading\">I pescati delle specie tipiche, le forme di pesca e la profondit\u00e0 di cattura (laghi):<\/h4>\n\n\n\n<p>Pesca nel ghiaccio:<br>Persico, rutilo 2-6 m, bottatrice 1-3 m.<\/p>\n\n\n\n<p>Le giornate si fanno rapidamente pi\u00f9 lunghe e il calore del sole si fa gi\u00e0 sentire nelle ore centrali. Lo spessore della coltre di ghiaccio pu\u00f2 arrivare gi\u00e0 a mezzo metro ed \u00e8 solitamente coperto da uno strato di neve di 20-30 cm. Gli spostamenti ai luoghi di pesca, infatti, costituiscono una forma di allenamento.<br>Inizia il miglior periodo per la pesca con l\u2019esca affondante bilanciata. I buchi formati nel ghiaccio per il peso della neve, le crepe del ghiaccio e le zone scure prive di neve sono potenziali hot spot, premesso che le loro profondit\u00e0 siano adeguate. Continua la pesca per la bottatrice con l\u2019uso dei jig.<\/p>\n<\/div>\n","protected":false},"excerpt":{"rendered":"<p>Si pu\u00f2 pescare tutto l\u2019anno. Nel calendario qui di seguito [&hellip;]<\/p>\n","protected":false},"author":1,"featured_media":524,"parent":0,"menu_order":0,"comment_status":"closed","ping_status":"closed","template":"","meta":{"footnotes":""},"class_list":["post-291","page","type-page","status-publish","has-post-thumbnail","hentry"],"_links":{"self":[{"href":"https:\/\/zanderland.fi\/italiano\/wp-json\/wp\/v2\/pages\/291","targetHints":{"allow":["GET"]}}],"collection":[{"href":"https:\/\/zanderland.fi\/italiano\/wp-json\/wp\/v2\/pages"}],"about":[{"href":"https:\/\/zanderland.fi\/italiano\/wp-json\/wp\/v2\/types\/page"}],"author":[{"embeddable":true,"href":"https:\/\/zanderland.fi\/italiano\/wp-json\/wp\/v2\/users\/1"}],"replies":[{"embeddable":true,"href":"https:\/\/zanderland.fi\/italiano\/wp-json\/wp\/v2\/comments?post=291"}],"version-history":[{"count":9,"href":"https:\/\/zanderland.fi\/italiano\/wp-json\/wp\/v2\/pages\/291\/revisions"}],"predecessor-version":[{"id":501,"href":"https:\/\/zanderland.fi\/italiano\/wp-json\/wp\/v2\/pages\/291\/revisions\/501"}],"wp:featuredmedia":[{"embeddable":true,"href":"https:\/\/zanderland.fi\/italiano\/wp-json\/wp\/v2\/media\/524"}],"wp:attachment":[{"href":"https:\/\/zanderland.fi\/italiano\/wp-json\/wp\/v2\/media?parent=291"}],"curies":[{"name":"wp","href":"https:\/\/api.w.org\/{rel}","templated":true}]}}