{"id":379,"date":"2026-01-05T16:30:22","date_gmt":"2026-01-05T14:30:22","guid":{"rendered":"https:\/\/zanderland.fi\/italiano\/?page_id=379"},"modified":"2026-03-19T11:37:16","modified_gmt":"2026-03-19T09:37:16","slug":"il-sistema-delle-licenze-di-pesca-in-finlandia","status":"publish","type":"page","link":"https:\/\/zanderland.fi\/italiano\/il-sistema-delle-licenze-di-pesca-in-finlandia\/","title":{"rendered":"Il sistema delle licenze di pesca in Finlandia"},"content":{"rendered":"\n<h2 class=\"wp-block-heading\">Il sistema delle licenze si articola in tre parti<\/h2>\n\n\n\n<ol class=\"wp-block-list\">\n<li>Pescare con l&#8217;amo e con la lenza oppure praticare la pesca sul ghiaccio \u00e8 un diritto di tutti ed \u00e8 praticabile ad ogni et\u00e0. Tuttavia non \u00e8 possibile pescare nelle zone delle rapide e i laghi-peschiera.<\/li>\n\n\n\n<li>Per tutti gli altri tipi di pesca, compresa quella al gambero d&#8217;acqua dolce, i pescatori dai 18 &#8211; 64 anni devono munirsi di licenza nazionale di pesca (Kalastonhoitomaksu). La licenza nazionale di pesca d\u00e0 il diritto di praticare la pesca con la traina con una canna. Sotto i 18 anni e sopra i 64 non \u00e8 necessario pagare la licenza nazionale di pesca. Inoltre possono pescare dappertutto anche senza la licenza di pesca, purch\u00e9 si usi solo una canna e un&#8217;esca, e sono comunque escluse le rapide e i laghi-peschiera.<\/li>\n\n\n\n<li>Per ogni altro tipo di pesca \u00e8 necessario avere una licenza di pesca.<\/li>\n<\/ol>\n\n\n\n<h2 class=\"wp-block-heading\">Il pagamento dei contributi e le licenze<\/h2>\n\n\n\n<p>a) La licenza nazionale di pesca nel 2023: 47\u20ac\/anno, 16\u20ac\/7 giorni, 6\u20ac\/1 giorno. Il pagamento pu\u00f2 essere effettuato presso i chioschi (R-kioski) e tramite Internet all&#8217;indirizzo www.eraluvat.fi\/en. La licenza pu\u00f2 essere versata anche nel Centro Naturalistico dell\u2019Amministrazione finlandese delle foreste.<\/p>\n\n\n\n<p>b) Per la licenza di pesca esistono 2 diverse alternative:<\/p>\n\n\n\n<ol class=\"wp-block-list\">\n<li>Le licenze collettive \u2018Fishing pass\u2019 * per la pesca con l&#8217;esca nei grandi laghi della zona di Tampere. Il permesso d\u00e0 diritto di praticare la pesca alla passata oppure lo spinning con pi\u00f9 canne ed esche.<\/li>\n\n\n\n<li>Il permesso del circolo di pesca o presso altri proprietari della risorsa acquatica* \u00e8 necessario per pescare con le reti, le nasse o simili oppure nelle rapide e laghi-peschiera. Anche la licenza per la pesca a spinning oppure per la pesca alla passata pu\u00f2 essere acquistata presso un circolo di pesca, ma le zone permesse sono di solito piuttosto limitate.<\/li>\n<\/ol>\n\n\n\n<p>*I permessi \u2018Fishing pass\u2019 e i permessi dei circoli di pesca sono in vendita presso alcuni negozi di articoli per la pesca, le stazioni di servizio, gli empori e le strutture ricettive.<\/p>\n\n\n\n<p>La licenza nazionale di pesca d\u00e0 il diritto di praticare la pesca con la traina con una canna, escluse le zone dotate di rapide e correnti, nonch\u00e9 le mete speciali come i laghi \u201calleva e pesca\u201d.<\/p>\n","protected":false},"excerpt":{"rendered":"<p>Il sistema delle licenze si articola in tre parti Il [&hellip;]<\/p>\n","protected":false},"author":1,"featured_media":430,"parent":0,"menu_order":0,"comment_status":"closed","ping_status":"closed","template":"","meta":{"footnotes":""},"class_list":["post-379","page","type-page","status-publish","has-post-thumbnail","hentry"],"_links":{"self":[{"href":"https:\/\/zanderland.fi\/italiano\/wp-json\/wp\/v2\/pages\/379","targetHints":{"allow":["GET"]}}],"collection":[{"href":"https:\/\/zanderland.fi\/italiano\/wp-json\/wp\/v2\/pages"}],"about":[{"href":"https:\/\/zanderland.fi\/italiano\/wp-json\/wp\/v2\/types\/page"}],"author":[{"embeddable":true,"href":"https:\/\/zanderland.fi\/italiano\/wp-json\/wp\/v2\/users\/1"}],"replies":[{"embeddable":true,"href":"https:\/\/zanderland.fi\/italiano\/wp-json\/wp\/v2\/comments?post=379"}],"version-history":[{"count":1,"href":"https:\/\/zanderland.fi\/italiano\/wp-json\/wp\/v2\/pages\/379\/revisions"}],"predecessor-version":[{"id":380,"href":"https:\/\/zanderland.fi\/italiano\/wp-json\/wp\/v2\/pages\/379\/revisions\/380"}],"wp:featuredmedia":[{"embeddable":true,"href":"https:\/\/zanderland.fi\/italiano\/wp-json\/wp\/v2\/media\/430"}],"wp:attachment":[{"href":"https:\/\/zanderland.fi\/italiano\/wp-json\/wp\/v2\/media?parent=379"}],"curies":[{"name":"wp","href":"https:\/\/api.w.org\/{rel}","templated":true}]}}