{"id":48,"date":"2025-10-24T16:45:39","date_gmt":"2025-10-24T16:45:39","guid":{"rendered":"https:\/\/zanderland.fi\/italiano\/?page_id=48"},"modified":"2026-04-20T09:46:21","modified_gmt":"2026-04-20T06:46:21","slug":"home-page","status":"publish","type":"page","link":"https:\/\/zanderland.fi\/italiano\/","title":{"rendered":"Home page"},"content":{"rendered":"\n<div class=\"wp-block-cover alignfull has-custom-content-position is-position-bottom-center\" style=\"min-height:500px;aspect-ratio:unset;\"><img loading=\"lazy\" decoding=\"async\" width=\"1024\" height=\"683\" class=\"wp-block-cover__image-background wp-image-509 size-large\" alt=\"\" src=\"https:\/\/zanderland.fi\/wp-content\/uploads\/2026\/03\/Etusivu_Kuhamaa_Zanderland_Tampere_Region_Finland_1920-1024x683.jpg\" data-object-fit=\"cover\" srcset=\"https:\/\/zanderland.fi\/wp-content\/uploads\/2026\/03\/Etusivu_Kuhamaa_Zanderland_Tampere_Region_Finland_1920-1024x683.jpg 1024w, https:\/\/zanderland.fi\/wp-content\/uploads\/2026\/03\/Etusivu_Kuhamaa_Zanderland_Tampere_Region_Finland_1920-300x200.jpg 300w, https:\/\/zanderland.fi\/wp-content\/uploads\/2026\/03\/Etusivu_Kuhamaa_Zanderland_Tampere_Region_Finland_1920-768x512.jpg 768w, https:\/\/zanderland.fi\/wp-content\/uploads\/2026\/03\/Etusivu_Kuhamaa_Zanderland_Tampere_Region_Finland_1920-1536x1024.jpg 1536w, https:\/\/zanderland.fi\/wp-content\/uploads\/2026\/03\/Etusivu_Kuhamaa_Zanderland_Tampere_Region_Finland_1920.jpg 1920w\" sizes=\"auto, (max-width: 1024px) 100vw, 1024px\" \/><span aria-hidden=\"true\" class=\"wp-block-cover__background has-background-dim wp-block-cover__gradient-background has-background-gradient\" style=\"background:linear-gradient(180deg,rgba(0,0,0,0) 50%,rgb(0,0,0) 100%)\"><\/span><div class=\"wp-block-cover__inner-container has-global-padding is-layout-constrained wp-block-cover-is-layout-constrained\">\n<h1 class=\"wp-block-heading has-text-align-left has-white-color has-text-color has-link-color wp-elements-d51f3972aecab3f2a3b928fa92ea14e6\" style=\"margin-top:0;margin-bottom:0;font-size:50px;line-height:1.3\">Il sogno di un pescatore d&#8217;acqua dolce diventato realt\u00e0!<\/h1>\n\n\n\n<p class=\"has-white-color has-text-color has-link-color wp-elements-5ad1726d041cb753e8be099a84493403\" style=\"margin-top:var(--wp--preset--spacing--30);margin-bottom:var(--wp--preset--spacing--60)\">La Finlandia \u00e8 la terra delle migliaia di laghi. La regione di Tampere, situata nella parte occidentale della Regione dei Laghi finlandese, \u00e8 ideale per gli amanti della pesca. Benvenuti nella regione di Tampere!<\/p>\n<\/div><\/div>\n\n\n\n<h2 class=\"wp-block-heading\"><strong>Zone di pesca e servizi nella regione di Tampere, Finlandia<\/strong><\/h2>\n\n\n\n<p>La Finlandia \u00e8 il paese dei mille laghi. La ricchezza dei corsi d&#8217;acqua \u00e8 il risultato dell&#8217;azione dell\u2019erosione glaciale che insieme alle ottime vie di comunicazione e ai servizi fanno del nostro paese il sogno di qualsiasi pescatore. I laghi blu tempestati di isole e le villette che si affacciano sugli scogli e che affollano le piccole isole aspettano di essere visitati.<\/p>\n\n\n\n<p>L\u2019area intorno a Tampere, citt\u00e0 situata nella zona lacustre della Finlandia occidentale, sembra fatta apposta per i pescatori. Il 15 % della sua superficie \u00e8 ricoperta d\u2019acqua. Questa zona offre delle possibilit\u00e0 illimitate per diversi tipi di pesca durante tutto l&#8217;anno.<\/p>\n\n\n\n<p>In queste pagine troverete le informazioni principali riguardanti le destinazioni di pesca nella zona di Tampere, sulle specie da pescare e sulle licenze di pesca necessarie. Vi presenteremo anche delle graziose destinazioni da utilizzare come base per le vostre gite di pesca o per la pesca ai gamberi d&#8217;acqua dolce oltre a diversi servizi delle guide da pesca. Molti dei laghi che si trovano in questa regione sono tra i pi\u00f9 ricchi di lucioperca di tutto il paese; la zona \u00e8 perci\u00f2 una vera e propria Zanderland (la terra del lucioperca)!<\/p>\n\n\n\n<div class=\"wp-block-columns are-vertically-aligned-center is-layout-flex wp-container-core-columns-is-layout-6f2f86d7 wp-block-columns-is-layout-flex\" style=\"margin-top:var(--wp--preset--spacing--70);margin-bottom:var(--wp--preset--spacing--70)\">\n<div class=\"wp-block-column is-vertically-aligned-center is-layout-flow wp-block-column-is-layout-flow\">\n<figure class=\"wp-block-image size-full\"><img loading=\"lazy\" decoding=\"async\" width=\"672\" height=\"647\" src=\"https:\/\/zanderland.fi\/wp-content\/uploads\/2026\/04\/kartta-kuvankaappaus.png\" alt=\"\" class=\"wp-image-568\" style=\"aspect-ratio:1;object-fit:cover\" srcset=\"https:\/\/zanderland.fi\/wp-content\/uploads\/2026\/04\/kartta-kuvankaappaus.png 672w, https:\/\/zanderland.fi\/wp-content\/uploads\/2026\/04\/kartta-kuvankaappaus-300x289.png 300w\" sizes=\"auto, (max-width: 672px) 100vw, 672px\" \/><\/figure>\n<\/div>\n\n\n\n<div class=\"wp-block-column is-vertically-aligned-center is-layout-flow wp-block-column-is-layout-flow\">\n<h2 class=\"wp-block-heading\">Luoghi e servizi di pesca su una mappa<\/h2>\n\n\n\n<p>Sulle mappe troverete le aree con permesso unico e i siti di rapide per la pesca con esche artificiali nei grandi laghi, cos\u00ec come le sistemazioni di cui avete bisogno, tra cui potrete scegliere in base alle vostre esigenze. Se, ad esempio, state cercando un servizio di guida per una battuta di pesca per i clienti o i dipendenti della vostra azienda, le nostre guide di pesca sono a vostra disposizione. Una guida di pesca vi accompagner\u00e0 nei posti migliori e vi sveler\u00e0 i segreti della pesca e dei pesci. O almeno una piccola parte di essi.<\/p>\n\n\n\n<div class=\"wp-block-buttons is-layout-flex wp-block-buttons-is-layout-flex\">\n<div class=\"wp-block-button\"><a class=\"wp-block-button__link wp-element-button\" href=\"\/italiano\/mappa\/\">Controlla sulla mappa<\/a><\/div>\n<\/div>\n<\/div>\n<\/div>\n\n\n\n<h2 class=\"wp-block-heading\">Altre cose da vedere e da fare<\/h2>\n\n\n\n<p>Se decidete di trascorrere le ferie a Tampere, vi accorgerete che la citt\u00e0 ha molto da offrire. Tampere \u00e8 la terza citt\u00e0 pi\u00f9 grande della Finlandia e con i suoi 200.000 abitanti \u00e8 un moderno centro economico e culturale con tanti negozi per fare shopping, ristoranti, musei, teatri, un parco divertimento e ospita numerosi eventi. Invece, lungo i sentieri nei boschi e nei parchi nazionali presenti in questa regione oppure in campagna incontrerete solo pace, silenzio e una natura meravigliosa.<\/p>\n\n\n\n<p><strong>Benvenuti a Tampere\u2026 e buona pesca!<\/strong><\/p>\n\n\n\n<p><\/p>\n","protected":false},"excerpt":{"rendered":"<p>Zone di pesca e servizi nella regione di Tampere, Finlandia [&hellip;]<\/p>\n","protected":false},"author":1,"featured_media":0,"parent":0,"menu_order":0,"comment_status":"closed","ping_status":"closed","template":"","meta":{"footnotes":""},"class_list":["post-48","page","type-page","status-publish","hentry"],"_links":{"self":[{"href":"https:\/\/zanderland.fi\/italiano\/wp-json\/wp\/v2\/pages\/48","targetHints":{"allow":["GET"]}}],"collection":[{"href":"https:\/\/zanderland.fi\/italiano\/wp-json\/wp\/v2\/pages"}],"about":[{"href":"https:\/\/zanderland.fi\/italiano\/wp-json\/wp\/v2\/types\/page"}],"author":[{"embeddable":true,"href":"https:\/\/zanderland.fi\/italiano\/wp-json\/wp\/v2\/users\/1"}],"replies":[{"embeddable":true,"href":"https:\/\/zanderland.fi\/italiano\/wp-json\/wp\/v2\/comments?post=48"}],"version-history":[{"count":16,"href":"https:\/\/zanderland.fi\/italiano\/wp-json\/wp\/v2\/pages\/48\/revisions"}],"predecessor-version":[{"id":569,"href":"https:\/\/zanderland.fi\/italiano\/wp-json\/wp\/v2\/pages\/48\/revisions\/569"}],"wp:attachment":[{"href":"https:\/\/zanderland.fi\/italiano\/wp-json\/wp\/v2\/media?parent=48"}],"curies":[{"name":"wp","href":"https:\/\/api.w.org\/{rel}","templated":true}]}}