{"id":375,"date":"2026-01-05T17:17:24","date_gmt":"2026-01-05T15:17:24","guid":{"rendered":"https:\/\/zanderland.fi\/polski\/?page_id=375"},"modified":"2026-03-19T11:38:56","modified_gmt":"2026-03-19T09:38:56","slug":"system-pozwolen-na-wedkowanie-w-finlandii","status":"publish","type":"page","link":"https:\/\/zanderland.fi\/polski\/system-pozwolen-na-wedkowanie-w-finlandii\/","title":{"rendered":"System pozwole\u0144 na w\u0119dkowanie w Finlandii"},"content":{"rendered":"\n<h2 class=\"wp-block-heading\">System pozwole\u0144 na w\u0119dkowanie jest trzystopniowy<\/h2>\n\n\n\n<ol class=\"wp-block-list\">\n<li>Amatorskie w\u0119dkowanie na przyn\u0119t\u0119 na otwartych jeziorach i w\u0119dkowanie spod lodu s\u0105 bezp\u0142atne i zaliczaj\u0105 si\u0119 do miejscowego prawa korzystania z natury, przys\u0142uguj\u0105cego ka\u017cdemu cz\u0142owiekowi w ka\u017cdym wieku. Wyj\u0105tkiem s\u0105 w\u0119dkowanie na potokach i \u0142owiskach specjalnych, tj. jeziorach typu \u201ezarybiaj i w\u0119dkuj\u201d.<\/li>\n\n\n\n<li>W\u0119dkuj\u0105cych w wieku 18-64 lat uprawiaj\u0105cych inny rodzaj po\u0142ow\u00f3w ryb i rak\u00f3w obowi\u0105zuje posiadanie zar\u00f3wno a) pa\u0144stwowa op\u0142ata administracji rybo\u0142\u00f3stwa (kalastonhoitomaksu) jak i b) pozwolenie na w\u0119dkowanie (kalastuslupa). Pa\u0144stwowa op\u0142ata administracyjna, tzw. op\u0142ata \u201cza zarz\u0105dzanie rybo\u0142\u00f3wstwem\u201d, uprawnia do w\u0119dkowania na sztuczn\u0105 przyn\u0119t\u0119 jedn\u0105 w\u0119dk\u0105 ze sp\u0142awikiem, z wyj\u0105tkiem potok\u00f3w i rzek o szybkim nurcie, gdzie przebywaj\u0105 ryby w\u0119drowne oraz \u0142owisk specjalnych, takich jak jeziora typu \u201ewpu\u015b\u0107 i z\u0142\u00f3w\u201d.<\/li>\n\n\n\n<li>M\u0142odze\u017c do lat 18 i osoby po 65 roku \u017cycia zwolnione s\u0105 z obowi\u0105zku uregulowania pa\u0144stwowej op\u0142aty administracji rybo\u0142\u00f3stwa. Poza tym mog\u0105 oni w\u0119dkowa\u0107 bez pozwolenia na w\u0119dkowanie za pomoc\u0105 jednego w\u0119dziska i przyn\u0119ty, z wyj\u0105tkiem potok\u00f3w i \u0142owisk specjalnych. Do w\u0119dkowania innymi metodami osoby te obowi\u0105zuje posiadanie pozwolenia na w\u0119dkowanie.<\/li>\n<\/ol>\n\n\n\n<h2 class=\"wp-block-heading\">Regulowanie op\u0142at za karty i pozwolenia na w\u0119dkowanie<\/h2>\n\n\n\n<p>a) Pa\u0144stwowej op\u0142aty administracyjnej mo\u017cna dokona\u0107 drog\u0105 internetow\u0105 (<a href=\"https:\/\/www.eraluvat.fi\/en\">www.eraluvat.fi\/en<\/a>), telefonicznie (020 69 2424) lub w punkcie us\u0142ugowym; pa\u0144stwow\u0105 op\u0142at\u0119 administracyjn\u0105 mo\u017cna uregulowa\u0107 r\u00f3wnie\u017c w centrach przyrodniczych (luontokeskus) Zarz\u0105du Generalnego Las\u00f3w Finlandii (Mets\u00e4hallitus) oraz w kioskach sieci \u201eR\u201d. Op\u0142ata w 2023 r.: 47 \u20ac\/rok, 16 \u20ac\/7 d\u00f3b, 6 \u20ac\/1 doba.<\/p>\n\n\n\n<p>b) Pozwolenia na w\u0119dkowanie mo\u017cna za\u0142atwia\u0107 na dwa r\u00f3\u017cne sposoby:<\/p>\n\n\n\n<ol class=\"wp-block-list\">\n<li>Po\u0142\u0105czone licencje paszportu w\u0119dkarskiego (Kalapassi)* uprawniaj\u0105 do w\u0119dkowania na przyn\u0119t\u0119 na wielkich jeziorach okr\u0119gu Tampere. Pozwolenie to upowa\u017cnia do po\u0142owu metodami spinningu lub trollingu z zastosowaniem wi\u0119cej ni\u017c jednego w\u0119dziska i sztucznej przyn\u0119ty.<\/li>\n\n\n\n<li>Pozwolenie wsp\u00f3lnoty rybackiej lub w\u0142a\u015bciciela akwenu wodnego (lupa)* upowa\u017cnia do po\u0142owu sieci\u0105, samotrzaskiem i tym podobnymi metodami, w\u0119dkowania na potokach i \u0142owiskach specjalnych, tj. jeziorach typu \u201ezarybiaj i w\u0119dkuj\u201d.Od wsp\u00f3lnoty rybackiej mo\u017cna niedrogo zakupi\u0107 pozwolenie na w\u0119dkowanie metodami spinningu lub trollingu, chocia\u017c obszary obj\u0119te pozwoleniem s\u0105 zazwyczaj nieco ograniczone.<\/li>\n<\/ol>\n\n\n\n<p>*Paszporty w\u0119dkarskie i pozwolenia wsp\u00f3lnot rybackich mo\u017cna zakupi\u0107 w niekt\u00f3rych sklepach rybackich, na stacjach benzynowych, sklepach wiejskich i miejscach zakwaterowania.<\/p>\n\n\n\n<p>Pa\u0144stwow\u0105 op\u0142at\u0119 administracji rybo\u0142\u00f3stwa mo\u017cna uregulowa\u0107 pod adresem www.eraluvat.fi a tak\u017ce i R-Kiosk.<\/p>\n","protected":false},"excerpt":{"rendered":"<p>System pozwole\u0144 na w\u0119dkowanie jest trzystopniowy Regulowanie op\u0142at za karty [&hellip;]<\/p>\n","protected":false},"author":1,"featured_media":429,"parent":0,"menu_order":0,"comment_status":"closed","ping_status":"closed","template":"","meta":{"footnotes":""},"class_list":["post-375","page","type-page","status-publish","has-post-thumbnail","hentry"],"_links":{"self":[{"href":"https:\/\/zanderland.fi\/polski\/wp-json\/wp\/v2\/pages\/375","targetHints":{"allow":["GET"]}}],"collection":[{"href":"https:\/\/zanderland.fi\/polski\/wp-json\/wp\/v2\/pages"}],"about":[{"href":"https:\/\/zanderland.fi\/polski\/wp-json\/wp\/v2\/types\/page"}],"author":[{"embeddable":true,"href":"https:\/\/zanderland.fi\/polski\/wp-json\/wp\/v2\/users\/1"}],"replies":[{"embeddable":true,"href":"https:\/\/zanderland.fi\/polski\/wp-json\/wp\/v2\/comments?post=375"}],"version-history":[{"count":1,"href":"https:\/\/zanderland.fi\/polski\/wp-json\/wp\/v2\/pages\/375\/revisions"}],"predecessor-version":[{"id":376,"href":"https:\/\/zanderland.fi\/polski\/wp-json\/wp\/v2\/pages\/375\/revisions\/376"}],"wp:featuredmedia":[{"embeddable":true,"href":"https:\/\/zanderland.fi\/polski\/wp-json\/wp\/v2\/media\/429"}],"wp:attachment":[{"href":"https:\/\/zanderland.fi\/polski\/wp-json\/wp\/v2\/media?parent=375"}],"curies":[{"name":"wp","href":"https:\/\/api.w.org\/{rel}","templated":true}]}}