{"id":48,"date":"2025-10-24T16:45:39","date_gmt":"2025-10-24T16:45:39","guid":{"rendered":"https:\/\/zanderland.fi\/polski\/?page_id=48"},"modified":"2026-04-20T09:48:42","modified_gmt":"2026-04-20T06:48:42","slug":"home-page","status":"publish","type":"page","link":"https:\/\/zanderland.fi\/polski\/","title":{"rendered":"Home page"},"content":{"rendered":"\n<div class=\"wp-block-cover alignfull has-custom-content-position is-position-bottom-center\" style=\"min-height:500px;aspect-ratio:unset;\"><img loading=\"lazy\" decoding=\"async\" width=\"1024\" height=\"683\" class=\"wp-block-cover__image-background wp-image-510 size-large\" alt=\"\" src=\"https:\/\/zanderland.fi\/wp-content\/uploads\/2026\/03\/Etusivu_Kuhamaa_Zanderland_Tampere_Region_Finland_1920-1024x683.jpg\" data-object-fit=\"cover\" srcset=\"https:\/\/zanderland.fi\/wp-content\/uploads\/2026\/03\/Etusivu_Kuhamaa_Zanderland_Tampere_Region_Finland_1920-1024x683.jpg 1024w, https:\/\/zanderland.fi\/wp-content\/uploads\/2026\/03\/Etusivu_Kuhamaa_Zanderland_Tampere_Region_Finland_1920-300x200.jpg 300w, https:\/\/zanderland.fi\/wp-content\/uploads\/2026\/03\/Etusivu_Kuhamaa_Zanderland_Tampere_Region_Finland_1920-768x512.jpg 768w, https:\/\/zanderland.fi\/wp-content\/uploads\/2026\/03\/Etusivu_Kuhamaa_Zanderland_Tampere_Region_Finland_1920-1536x1024.jpg 1536w, https:\/\/zanderland.fi\/wp-content\/uploads\/2026\/03\/Etusivu_Kuhamaa_Zanderland_Tampere_Region_Finland_1920.jpg 1920w\" sizes=\"auto, (max-width: 1024px) 100vw, 1024px\" \/><span aria-hidden=\"true\" class=\"wp-block-cover__background has-background-dim wp-block-cover__gradient-background has-background-gradient\" style=\"background:linear-gradient(180deg,rgba(0,0,0,0) 50%,rgb(0,0,0) 100%)\"><\/span><div class=\"wp-block-cover__inner-container has-global-padding is-layout-constrained wp-block-cover-is-layout-constrained\">\n<h1 class=\"wp-block-heading has-text-align-left has-white-color has-text-color has-link-color wp-elements-9fe1f2ec04aeb19ccca61189a744e18b\" style=\"margin-top:0;margin-bottom:0;font-size:50px;line-height:1.3\">Spe\u0142nienie marze\u0144 ka\u017cdego w\u0119dkarza s\u0142odkowodnego!<\/h1>\n\n\n\n<p class=\"has-white-color has-text-color has-link-color wp-elements-fed0857ea1e3dd993556b5e1dea1e14b\" style=\"margin-top:var(--wp--preset--spacing--30);margin-bottom:var(--wp--preset--spacing--60)\">Finlandia to kraina tysi\u0119cy jezior. Region Tampere, po\u0142o\u017cony w zachodniej cz\u0119\u015bci Fi\u0144skiego Pojezierza, jest idealnym miejscem dla w\u0119dkarzy. Witamy w regionie Tampere!<\/p>\n<\/div><\/div>\n\n\n\n<h2 class=\"wp-block-heading\"><strong>\u0141owiska i us\u0142ugi w\u0119dkarskie w regionie Tampere w Finlandii<\/strong><\/h2>\n\n\n\n<p>Finlandia to kraj tysi\u0105ca jezior. Bogactwo miejscowych w\u00f3d zrodzone w nast\u0119pstwie ery polodowcowej, po\u0142\u0105czone z sieci\u0105 dobrych dr\u00f3g i us\u0142ug, czyni\u0105 z naszego kraju miejsce spe\u0142nienia marze\u0144 ka\u017cdego rybaka. Czekaj\u0105 na Ciebie b\u0142\u0119kitne jeziora obsiane wysepkami oraz drewniane domki letnie na wybrze\u017cach i wyspach.<\/p>\n\n\n\n<p>Okr\u0119g Tampere, po\u0142o\u017cony na zachodnim wybrze\u017cu fi\u0144skiej krainy jezior, jest prawdziwym rajem dla w\u0119dkarzy. Powierzchnia w\u00f3d stanowi prawie 14 % ca\u0142ego obszaru, kt\u00f3ry oferuje niezliczone mo\u017cliwo\u015bci uprawiania po\u0142ow\u00f3w r\u00f3\u017cnymi metodami przez ca\u0142y rok.<\/p>\n\n\n\n<p>Na naszych stronach internetowych mo\u017cna znale\u017a\u0107 informacje o obiektach rybackich, gatunkach ryb i pozwoleniach potrzebnych do w\u0119dkowania. Przedstawiamy tutaj r\u00f3wnie\u017c przytulne miejsca noclegowe, kt\u00f3re s\u0142u\u017cy\u0107 mog\u0105 jako bazy wypraw na ryby lub na raki. Opowiemy r\u00f3wnie\u017c o us\u0142ugach przewodnik\u00f3w w\u0119dkarskich. Wiele z naszych jezior nale\u017cy do grupy najlepszych akwen\u00f3w zamieszkiwanych przez sandacza, tak wi\u0119c nasz region to prawdziwy Zanderland!<\/p>\n\n\n\n<div class=\"wp-block-columns are-vertically-aligned-center is-layout-flex wp-container-core-columns-is-layout-6f2f86d7 wp-block-columns-is-layout-flex\" style=\"margin-top:var(--wp--preset--spacing--70);margin-bottom:var(--wp--preset--spacing--70)\">\n<div class=\"wp-block-column is-vertically-aligned-center is-layout-flow wp-block-column-is-layout-flow\">\n<figure class=\"wp-block-image size-full\"><img loading=\"lazy\" decoding=\"async\" width=\"672\" height=\"647\" src=\"https:\/\/zanderland.fi\/wp-content\/uploads\/2026\/04\/kartta-kuvankaappaus.png\" alt=\"\" class=\"wp-image-568\" style=\"aspect-ratio:1;object-fit:cover\" srcset=\"https:\/\/zanderland.fi\/wp-content\/uploads\/2026\/04\/kartta-kuvankaappaus.png 672w, https:\/\/zanderland.fi\/wp-content\/uploads\/2026\/04\/kartta-kuvankaappaus-300x289.png 300w\" sizes=\"auto, (max-width: 672px) 100vw, 672px\" \/><\/figure>\n<\/div>\n\n\n\n<div class=\"wp-block-column is-vertically-aligned-center is-layout-flow wp-block-column-is-layout-flow\">\n<h2 class=\"wp-block-heading\">Miejsca i us\u0142ugi w\u0119dkarskie na mapie<\/h2>\n\n\n\n<p>Na mapach znajdziesz obszary z jednym zezwoleniem i miejsca do w\u0119dkowania na przyn\u0119t\u0119 w du\u017cych jeziorach, a tak\u017ce dost\u0119pne zakwaterowanie, kt\u00f3re mo\u017cesz wybra\u0107 wed\u0142ug w\u0142asnych potrzeb. Je\u015bli szukasz us\u0142ugi przewodnika na wypraw\u0119 w\u0119dkarsk\u0105 dla klient\u00f3w lub pracownik\u00f3w swojej firmy, nasi przewodnicy w\u0119dkarscy s\u0105 do Twojej dyspozycji. Przewodnik w\u0119dkarski zaprowadzi Ci\u0119 w dobre miejsca i zdradzi Ci sekrety ryb i w\u0119dkarstwa. A przynajmniej ich niewielk\u0105 cz\u0119\u015b\u0107.<\/p>\n\n\n\n<div class=\"wp-block-buttons is-layout-flex wp-block-buttons-is-layout-flex\">\n<div class=\"wp-block-button\"><a class=\"wp-block-button__link wp-element-button\" href=\"\/polski\/mapa\/\">Sprawd\u017a na mapie<\/a><\/div>\n<\/div>\n<\/div>\n<\/div>\n\n\n\n<h2 class=\"wp-block-heading\">Co jeszcze mo\u017cna zobaczy\u0107 i prze\u017cy\u0107<\/h2>\n\n\n\n<p>Na terenie okr\u0119gu Tampere spotkasz si\u0119 z szerok\u0105 ofert\u0105 innych atrakcji. Tampere, trzecie co do wielko\u015bci miasto w Finlandii, licz\u0105ce 200 000 mieszka\u0144c\u00f3w, jest nowoczesnym o\u015brodkiem kultury i \u017cycia gospodarczego. Znajduj\u0105 si\u0119 tutaj centra handlowe, restauracje, muzea, weso\u0142e miasteczko i teatry. Miasto organizuje r\u00f3wnie\u017c wiele imprez. Szukaj\u0105c odpoczynku od zgie\u0142ku miasta, cisz\u0119, spok\u00f3j oraz wspania\u0142\u0105 i czyst\u0105 natur\u0119 znale\u017a\u0107 mo\u017cesz podczas le\u015bnych w\u0119dr\u00f3wek i odwiedzaj\u0105c parki narodowe regionu.<\/p>\n\n\n\n<p><strong>Witamy na rybach w okr\u0119gu Tampere!<\/strong><\/p>\n\n\n\n<p><\/p>\n","protected":false},"excerpt":{"rendered":"<p>\u0141owiska i us\u0142ugi w\u0119dkarskie w regionie Tampere w Finlandii Finlandia [&hellip;]<\/p>\n","protected":false},"author":1,"featured_media":0,"parent":0,"menu_order":0,"comment_status":"closed","ping_status":"closed","template":"","meta":{"footnotes":""},"class_list":["post-48","page","type-page","status-publish","hentry"],"_links":{"self":[{"href":"https:\/\/zanderland.fi\/polski\/wp-json\/wp\/v2\/pages\/48","targetHints":{"allow":["GET"]}}],"collection":[{"href":"https:\/\/zanderland.fi\/polski\/wp-json\/wp\/v2\/pages"}],"about":[{"href":"https:\/\/zanderland.fi\/polski\/wp-json\/wp\/v2\/types\/page"}],"author":[{"embeddable":true,"href":"https:\/\/zanderland.fi\/polski\/wp-json\/wp\/v2\/users\/1"}],"replies":[{"embeddable":true,"href":"https:\/\/zanderland.fi\/polski\/wp-json\/wp\/v2\/comments?post=48"}],"version-history":[{"count":15,"href":"https:\/\/zanderland.fi\/polski\/wp-json\/wp\/v2\/pages\/48\/revisions"}],"predecessor-version":[{"id":569,"href":"https:\/\/zanderland.fi\/polski\/wp-json\/wp\/v2\/pages\/48\/revisions\/569"}],"wp:attachment":[{"href":"https:\/\/zanderland.fi\/polski\/wp-json\/wp\/v2\/media?parent=48"}],"curies":[{"name":"wp","href":"https:\/\/api.w.org\/{rel}","templated":true}]}}